{"id":249,"date":"2026-01-20T21:36:54","date_gmt":"2026-01-20T20:36:54","guid":{"rendered":"https:\/\/zsanett-massage.de\/?page_id=249"},"modified":"2026-01-23T20:57:11","modified_gmt":"2026-01-23T19:57:11","slug":"impressum","status":"publish","type":"page","link":"https:\/\/zsanett-massage.de\/hu\/impressum\/","title":{"rendered":"IMPRESSUM"},"content":{"rendered":"<p><strong>Angaben gem\u00e4\u00df \u00a7 5 TMG<\/strong><\/p>\n\n\n\n<p><strong>Zsanett Csuzdi\u2011Hack<\/strong><br>Waldstr. 5<br>91077 Neunkirchen am Brand<br>Deutschland<\/p>\n\n\n\n<p><strong>Kontakt:<\/strong><br>Telefon: +49 (0) 176 20 40 30 50<br>E\u2011Mail: info@zsanett-massage.de<br>Webseite: www.zsanett-massage.de<\/p>\n\n\n\n<p><strong>T\u00e4tigkeitsart:<\/strong><br>Freiberufliche Masseurin (nicht medizinisch)<\/p>\n\n\n\n<p><strong>Umsatzsteuer:<\/strong><br>Gem\u00e4\u00df \u00a7 19 UStG wird keine Umsatzsteuer erhoben.<br>(Umsatzsteuer\u2011Identifikationsnummer ist nicht vorhanden.)<\/p>\n\n\n\n<p><strong>Verantwortlich f\u00fcr den Inhalt nach \u00a7 18 Abs. 2 MStV:<\/strong><br>Zsanett Csuzdi\u2011Hack<br>Waldstr. 5, 91077 Neunkirchen am Brand<\/p>\n\n\n\n<p><strong>Haftungsausschluss:<\/strong><br>Die Inhalte dieser Website dienen ausschlie\u00dflich der allgemeinen Information.<\/p>\n\n\n\n<p>Sie stellen keine medizinische, therapeutische oder heilkundliche Beratung dar<\/p>\n\n\n\n<p>und ersetzen keine Untersuchung oder Behandlung durch einen Arzt oder<\/p>\n\n\n\n<p>medizinischen Fachpersonal.<\/p>\n\n\n\n<p>Alle angebotenen Massagen und Anwendungen dienen der Entspannung und dem<\/p>\n\n\n\n<p>Wohlbefinden. Es werden keine Heilversprechen abgegeben. Die Inanspruchnahme<\/p>\n\n\n\n<p>der angebotenen Leistungen erfolgt auf eigene Verantwortung.<\/p>\n\n\n\n<p>Haftung f\u00fcr Inhalte<\/p>\n\n\n\n<p>Wir bem\u00fchen uns, die Inhalte dieser Website stets aktuell und korrekt zu halten.<\/p>\n\n\n\n<p>Eine Gew\u00e4hr f\u00fcr die Vollst\u00e4ndigkeit, Richtigkeit und Aktualit\u00e4t der Inhalte kann<\/p>\n\n\n\n<p>jedoch nicht \u00fcbernommen werden.<\/p>\n\n\n\n<p>Haftung f\u00fcr externe Links<\/p>\n\n\n\n<p>Diese Website enth\u00e4lt Links zu externen Websites Dritter. Auf deren Inhalte haben<\/p>\n\n\n\n<p>wir keinen Einfluss und \u00fcbernehmen daf\u00fcr keine Haftung. F\u00fcr die Inhalte der<\/p>\n\n\n\n<p>verlinkten Seiten ist stets der jeweilige Anbieter oder Betreiber verantwortlich.<\/p>\n\n\n\n<p>Produktinformationen<\/p>\n\n\n\n<p>Informationen zu empfohlenen oder verlinkten Produkten dienen ausschlie\u00dflich<\/p>\n\n\n\n<p>der allgemeinen Information. Es wird keine Haftung f\u00fcr Wirkungen, Ergebnisse oder<\/p>\n\n\n\n<p>Vertr\u00e4glichkeiten \u00fcbernommen.<\/p>\n\n\n\n<p>Urheberrecht<\/p>\n\n\n\n<p>Die auf dieser Website ver\u00f6ffentlichten Inhalte unterliegen dem deutschen<\/p>\n\n\n\n<p>Urheberrecht. Eine Vervielf\u00e4ltigung oder Verwendung au\u00dferhalb der Grenzen des<\/p>\n\n\n\n<p>Urheberrechts bedarf der schriftlichen Zustimmung.<\/p>\n\n\n\n<p><strong>Urheberrecht:<\/strong><br>Alle Inhalte und Bilder dieser Website unterliegen dem deutschen Urheberrecht. Vervielf\u00e4ltigungen oder Weitergaben sind nur mit ausdr\u00fccklicher Genehmigung erlaubt.<\/p>","protected":false},"excerpt":{"rendered":"<p>Angaben gem\u00e4\u00df \u00a7 5 TMG Zsanett Csuzdi\u2011HackWaldstr. 591077 Neunkirchen am BrandDeutschland Kontakt:Telefon: +49 (0) 176 20 40 30 50E\u2011Mail: info@zsanett-massage.deWebseite: www.zsanett-massage.de T\u00e4tigkeitsart:Freiberufliche Masseurin (nicht medizinisch) Umsatzsteuer:Gem\u00e4\u00df \u00a7 19 UStG wird keine Umsatzsteuer erhoben.(Umsatzsteuer\u2011Identifikationsnummer ist nicht vorhanden.) Verantwortlich f\u00fcr den Inhalt nach \u00a7 18 Abs. 2 MStV:Zsanett Csuzdi\u2011HackWaldstr. 5, 91077 Neunkirchen am Brand Haftungsausschluss:Die Inhalte dieser&#8230;<\/p>","protected":false},"author":1,"featured_media":0,"parent":0,"menu_order":0,"comment_status":"closed","ping_status":"closed","template":"","meta":{"_kadence_starter_templates_imported_post":false,"_kad_post_transparent":"","_kad_post_title":"","_kad_post_layout":"","_kad_post_sidebar_id":"","_kad_post_content_style":"","_kad_post_vertical_padding":"","_kad_post_feature":"","_kad_post_feature_position":"","_kad_post_header":false,"_kad_post_footer":false,"_glsr_average":0,"_glsr_ranking":0,"_glsr_reviews":0,"footnotes":""},"class_list":["post-249","page","type-page","status-publish","hentry"],"_links":{"self":[{"href":"https:\/\/zsanett-massage.de\/hu\/wp-json\/wp\/v2\/pages\/249","targetHints":{"allow":["GET"]}}],"collection":[{"href":"https:\/\/zsanett-massage.de\/hu\/wp-json\/wp\/v2\/pages"}],"about":[{"href":"https:\/\/zsanett-massage.de\/hu\/wp-json\/wp\/v2\/types\/page"}],"author":[{"embeddable":true,"href":"https:\/\/zsanett-massage.de\/hu\/wp-json\/wp\/v2\/users\/1"}],"replies":[{"embeddable":true,"href":"https:\/\/zsanett-massage.de\/hu\/wp-json\/wp\/v2\/comments?post=249"}],"version-history":[{"count":2,"href":"https:\/\/zsanett-massage.de\/hu\/wp-json\/wp\/v2\/pages\/249\/revisions"}],"predecessor-version":[{"id":519,"href":"https:\/\/zsanett-massage.de\/hu\/wp-json\/wp\/v2\/pages\/249\/revisions\/519"}],"wp:attachment":[{"href":"https:\/\/zsanett-massage.de\/hu\/wp-json\/wp\/v2\/media?parent=249"}],"curies":[{"name":"wp","href":"https:\/\/api.w.org\/{rel}","templated":true}]}}