{"id":305,"date":"2026-01-21T11:02:11","date_gmt":"2026-01-21T10:02:11","guid":{"rendered":"https:\/\/zsanett-massage.de\/?post_type=product&#038;p=305"},"modified":"2026-01-21T12:20:15","modified_gmt":"2026-01-21T11:20:15","slug":"aloe-peaches","status":"publish","type":"product","link":"https:\/\/zsanett-massage.de\/hu\/termek\/aloe-peaches\/","title":{"rendered":"Aloe Peaches"},"content":{"rendered":"<div class=\"row\">\n<div id=\"longDescription\" class=\"col-12 scroll-links mt-100 ng-star-inserted\">\n<div id=\"product-detail-long-descption\" class=\"desc-container\">\n<h4><strong>Forever Aloe Peaches\u2122 \u2013 verf\u00fchrerische S\u00fc\u00dfe gepaart mit reinster Aloe Vera\u00a0<\/strong><\/h4>\n<p>\u2022 84,3 % reines Aloe-Vera-Gel<br \/>\n\u2022 Ohne Zusatz von Konservierungsstoffen<br \/>\n\u2022 H\u00f6chster Qualit\u00e4tsstandard: Zertifiziert mit dem IASC-Siegel<br \/>\n\u2022 Enth\u00e4lt Pfirsichp\u00fcree<br \/>\n\u2022 Hoher Vitamin-C-Gehalt*<br \/>\n\u2022 F\u00fcr Veganer und Vegetarier geeignet<br \/>\n\u2022 Nachhaltiger Anbau<\/p>\n<p>*Vitamin C tr\u00e4gt zu einer normalen Funktion des Immunsystems und zur Verringerung von M\u00fcdigkeit bei.<\/p>\n<p>Die spritzige Kombination aus Aloe Vera und dem Geschmack von sonnengereiften Pfirsichen und wei\u00dfen Trauben ist eine wahrliche Geschmacksexplosion!<\/p>\n<p><strong>EIN BEWUSSTES GESCHMACKSVERGN\u00dcGEN<\/strong><br \/>\nForever Aloe Peaches\u2122 enth\u00e4lt 84,3 % reines Aloe-Vera-Gel, ist reich an Vitamin C und frei von Konservierungsstoffen. Das enthaltene Vitamin C tr\u00e4gt zu einer normalen Funktion des Immunsystems und zur Verringerung von M\u00fcdigkeit bei. Pfirsichp\u00fcree und Wei\u00dfe-Trauben-Saft-Konzentrat verleihen dem Drink einen leckeren s\u00fc\u00dfen Geschmack und machen Forever Aloe Peaches\u2122 zu einem beliebten Getr\u00e4nk f\u00fcr die ganze Familie.<br \/>\nDie wertvollen N\u00e4hrstoffe der Aloe Vera vereint mit dem Geschmack von Pfirsichen. Mit der Aloe Vera versorgst du deinen K\u00f6rper mit Power, denn die Pflanze enth\u00e4lt viele Vitamine, Enzyme, Mineralstoffe, sekund\u00e4re Pflanzenstoffe, Spurenelemente, Aminos\u00e4uren und Mono- und Polysaccharide.<br \/>\nAloe Vera in Kombination mit Pfirsichp\u00fcree und Wei\u00dfe-Trauben-Saft-Konzentrat &#8211; eine herrlich aufregende Kombination.<\/p>\n<p><strong>QUALIT\u00c4T<\/strong><br \/>\nErlebe und genie\u00dfe die ganze Kraft der Aloe! Unser Gel wird von Hand geerntet und schonend im Spezialverfahren direkt aus dem Blattmark der Pflanze gewonnen. Es ist das erste Aloe-Vera-Gel, welches vom International Aloe Science Council (IASC) f\u00fcr seine Qualit\u00e4t zertifiziert wurde.<\/p>\n<p><strong>GOOD TO KNOW<\/strong><br \/>\nDu musst wissen: Mit der Forever Aloe tankst du die Energie aus 1.000 Sonnentagen. Das ist pure Energie f\u00fcr dich und deinen K\u00f6rper. Mit dem original Aloe-Getr\u00e4nk Forever Aloe Peaches\u2122 erlebst und genie\u00dft du die Kraft der Aloe Vera.<br \/>\nUnser Trinkgel wird in recycelbaren PET-Flaschen abgef\u00fcllt, die bereits zu 50% aus recyceltem Material bestehen. Das Material stellt sicher, dass der leckere und erfrischende Geschmack erhalten bleibt.<\/p>\n<p>Hinweis: Dieses \u00a0Produkt \u00a0ist \u00a0kein \u00a0Ersatz \u00a0f\u00fcr \u00a0eine ausgewogene und abwechslungsreiche<br \/>\nErn\u00e4hrung und eine gesunde Lebensweise.<\/p>\n<div class=\"row\">\n<div id=\"ProductUsage\" class=\"col-12 scroll-links mt-100 ng-star-inserted\">\n<div class=\"row my-5 readmore-container\">\n<div><\/div>\n<\/div>\n<\/div>\n<\/div>\n<div id=\"KeyIncredients\" class=\"incredient-container\">\n<div class=\"row\" data-t-ingredient=\"1\">\n<div class=\"ingredient-img-card overflow-hide center-align\" data-t-bind=\"ingredient-img\" data-t-positions=\"left,center,right\" data-t-positions-class=\"left-align,center-align,right-align\">\n<div class=\"card-block \">\n<div class=\"card-desc\" data-t-bind=\"ingredient-img.Description\"><\/div>\n<\/div>\n<\/div>\n<\/div>\n<\/div>\n<\/div>\n<\/div>\n<\/div>\n<div class=\"row\">\n<div id=\"ProductUsage\" class=\"col-12 scroll-links mt-100 ng-star-inserted\">\n<div id=\"KeyIncredients\" class=\"incredient-container\">\n<div class=\"row\" data-t-ingredient=\"1\">\n<div class=\"ingredient-img-card overflow-hide center-align\" data-t-bind=\"ingredient-img\" data-t-positions=\"left,center,right\" data-t-positions-class=\"left-align,center-align,right-align\">\n<div class=\"card-block \">\n<div class=\"card-desc\" data-t-bind=\"ingredient-img.Description\">\n<p><span style=\"font-family: 'DM Sans', sans-serif; font-size: 36px; font-weight: bold;\">Anwendung | Verzehrempfehlung<\/span><\/p>\n<\/div>\n<\/div>\n<\/div>\n<\/div>\n<\/div>\n<div class=\"row my-5 readmore-container\">\n<p><strong>Anwendung:\u00a0<\/strong>Dreimal t\u00e4glich jeweils eine Portion \u00e0 40 ml gemischt mit 240 ml Wasser oder Saft einnehmen. Vor Gebrauch gut sch\u00fctteln.<br \/>\n<strong>Aufbewahrung:\u00a0<\/strong>Nach dem \u00d6ffnen im K\u00fchlschrank aufbewahren (max. 7 \u00b0C) und innerhalb von 30 Tagen verbrauchen.<\/p>\n<p><img loading=\"lazy\" decoding=\"async\" class=\"alignnone wp-image-289\" src=\"https:\/\/zsanett-massage.de\/wp-content\/uploads\/2026\/01\/peach-2-300x200.jpg\" alt=\"\" width=\"438\" height=\"292\" srcset=\"https:\/\/zsanett-massage.de\/wp-content\/uploads\/2026\/01\/peach-2-300x200.jpg 300w, https:\/\/zsanett-massage.de\/wp-content\/uploads\/2026\/01\/peach-2-18x12.jpg 18w, https:\/\/zsanett-massage.de\/wp-content\/uploads\/2026\/01\/peach-2-600x400.jpg 600w, https:\/\/zsanett-massage.de\/wp-content\/uploads\/2026\/01\/peach-2.jpg 706w\" sizes=\"auto, (max-width: 438px) 100vw, 438px\" \/><\/p>\n<div class=\"row\">\n<div id=\"ProductUsage\" class=\"col-12 scroll-links mt-100 ng-star-inserted\">\n<div class=\"row my-5 readmore-container\">\n<h1><img decoding=\"async\" class=\"emoji\" role=\"img\" draggable=\"false\" src=\"https:\/\/s.w.org\/images\/core\/emoji\/17.0.2\/svg\/1f48e.svg\" alt=\"\ud83d\udc8e\" \/>\u00a0<strong>Exklusiv f\u00fcr meine Massagekunden:<\/strong><\/h1>\n<h3><strong>\u201310 % Rabatt* auf dieses Produkt!<\/strong><\/h3>\n<p>*Der Rabatt wird direkt beim Kauf \u00fcber meine Webseite ber\u00fccksichtigt.<\/p>\n<\/div>\n<\/div>\n<\/div>\n<div id=\"KeyIncredients\" class=\"incredient-container\">\n<div class=\"row\" data-t-ingredient=\"1\">\n<div class=\"ingredient-img-card overflow-hide center-align\" data-t-bind=\"ingredient-img\" data-t-positions=\"left,center,right\" data-t-positions-class=\"left-align,center-align,right-align\">\n<div class=\"card-block \">\n<div class=\"card-desc\" data-t-bind=\"ingredient-img.Description\">\n<p>&nbsp;<\/p>\n<\/div>\n<\/div>\n<\/div>\n<\/div>\n<\/div>\n<p>LISTE DER INHALTSSTOFFE \/ ZUTATEN<\/p>\n<\/div>\n<\/div>\n<\/div>\n<div id=\"KeyIncredients\" class=\"incredient-container\">\n<div class=\"ng-star-inserted\">\n<div class=\"additional-content\">\n<p>Zutaten: Stabilisiertes Aloe-Vera-Gel [inneres Aloe-Vera-Blattgel (84,3%), Vitamin C (L-Ascorbins\u00e4ure), Antioxidationsmittel (L-Ascorbins\u00e4ure), S\u00e4ureregulator (Zitronens\u00e4ure)], Pfirsichp\u00fcree (8%), Fruktose, Wei\u00dfe-Trauben-Saft-Konzentrat, Aroma (Pfirsich).<\/p>\n<\/div>\n<\/div>\n<h4 class=\"text-uppercase text-center pb-4 bt-3 mt-100\">Zertifizierungen<\/h4>\n<div class=\"row justify-content-center\" data-t-certificate=\"1\">\n<div class=\"icon-heading-desc-card text-center center-align\" data-t-bind=\"icon-heading-desc\" data-t-positions=\"left,center,right\" data-t-positions-class=\"left-align,center-align,right-align\">\n<div class=\"card-block\">\n<div class=\"icon-holder\"><a href=\"https:\/\/www.dropbox.com\/scl\/fi\/5ps67zc1upz4wzsavp5rj\/Forever_Zertifizierungen-Siegel_DE.pdf?rlkey=yn2a64or27ap0fy9zbac4zcud&amp;st=p1awluqx&amp;dl=0\" target=\"_blank\" rel=\"noopener noreferrer\" data-t-bind=\"icon-heading-desc.Hotspot_URL\"><picture><source class=\"desktop-banner\" srcset=\"https:\/\/cdn.foreverliving.com\/content\/cards\/images\/gluten_free_certification_96x96_1636474157879.png\" media=\"(min-width: 575px)\" data-t-resolution=\"96X96\" data-t-bind=\"icon-heading-desc.Desktop_Image\" data-t-device=\"desktop\" \/><img class=\"desktop-banner\" alt=\"Glutenfrei Logo\" \/><\/picture><picture><\/picture><\/a><\/div>\n<\/div>\n<\/div>\n<div class=\"icon-heading-desc-card text-center center-align\" data-t-bind=\"icon-heading-desc\" data-t-positions=\"left,center,right\" data-t-positions-class=\"left-align,center-align,right-align\">\n<div class=\"card-block\">\n<div class=\"icon-holder\"><a href=\"https:\/\/www.dropbox.com\/scl\/fi\/5ps67zc1upz4wzsavp5rj\/Forever_Zertifizierungen-Siegel_DE.pdf?rlkey=yn2a64or27ap0fy9zbac4zcud&amp;st=p1awluqx&amp;dl=0\" target=\"_blank\" rel=\"noopener noreferrer\" data-t-bind=\"icon-heading-desc.Hotspot_URL\"><picture><source class=\"desktop-banner\" srcset=\"https:\/\/cdn.foreverliving.com\/content\/cards\/images\/kosher_certification_certification_40x40_1574443016454.png\" media=\"(min-width:576px)\" data-t-resolution=\"96X96\" data-t-bind=\"icon-heading-desc.Desktop_Image\" data-t-device=\"desktop\" \/><img class=\"desktop-banner\" alt=\"Kosher Certification\" \/><\/picture><picture><\/picture><\/a><\/div>\n<\/div>\n<\/div>\n<div class=\"icon-heading-desc-card text-center center-align\" data-t-bind=\"icon-heading-desc\" data-t-positions=\"left,center,right\" data-t-positions-class=\"left-align,center-align,right-align\">\n<div class=\"card-block\">\n<div class=\"icon-holder\"><a href=\"https:\/\/www.dropbox.com\/scl\/fi\/5ps67zc1upz4wzsavp5rj\/Forever_Zertifizierungen-Siegel_DE.pdf?rlkey=yn2a64or27ap0fy9zbac4zcud&amp;st=p1awluqx&amp;dl=0\" target=\"_blank\" rel=\"noopener noreferrer\" data-t-bind=\"icon-heading-desc.Hotspot_URL\"><picture><source class=\"desktop-banner\" srcset=\"https:\/\/cdn.foreverliving.com\/content\/cards\/images\/halal_certification_certification_40x40_1574442824037.png\" media=\"(min-width:576px)\" data-t-resolution=\"96X96\" data-t-bind=\"icon-heading-desc.Desktop_Image\" data-t-device=\"desktop\" \/><img class=\"desktop-banner\" alt=\"Halal Certified Products\" \/><\/picture><picture><\/picture><\/a><\/div>\n<\/div>\n<\/div>\n<div class=\"icon-heading-desc-card text-center center-align\" data-t-bind=\"icon-heading-desc\" data-t-positions=\"left,center,right\" data-t-positions-class=\"left-align,center-align,right-align\">\n<div class=\"card-block\">\n<div class=\"icon-holder\"><a href=\"https:\/\/www.dropbox.com\/scl\/fi\/5ps67zc1upz4wzsavp5rj\/Forever_Zertifizierungen-Siegel_DE.pdf?rlkey=yn2a64or27ap0fy9zbac4zcud&amp;st=p1awluqx&amp;dl=0\" target=\"_blank\" rel=\"noopener noreferrer\" data-t-bind=\"icon-heading-desc.Hotspot_URL\"><picture><source class=\"desktop-banner\" srcset=\"https:\/\/cdn.foreverliving.com\/content\/cards\/images\/iasc_certification_certification_40x40_1574441456527.png\" media=\"(min-width:576px)\" data-t-resolution=\"96X96\" data-t-bind=\"icon-heading-desc.Desktop_Image\" data-t-device=\"desktop\" \/><img class=\"desktop-banner\" alt=\"International Aloe Science Council Certification\" \/><\/picture><picture><\/picture><\/a><\/div>\n<\/div>\n<\/div>\n<div class=\"icon-heading-desc-card text-center center-align\" data-t-bind=\"icon-heading-desc\" data-t-positions=\"left,center,right\" data-t-positions-class=\"left-align,center-align,right-align\">\n<div class=\"card-block\">\n<div class=\"icon-holder\"><a href=\"https:\/\/www.dropbox.com\/scl\/fi\/5ps67zc1upz4wzsavp5rj\/Forever_Zertifizierungen-Siegel_DE.pdf?rlkey=yn2a64or27ap0fy9zbac4zcud&amp;st=p1awluqx&amp;dl=0\" target=\"_blank\" rel=\"noopener noreferrer\" data-t-bind=\"icon-heading-desc.Hotspot_URL\"><picture><source class=\"desktop-banner\" srcset=\"https:\/\/cdn.foreverliving.com\/content\/cards\/images\/vegan_friendly_certification_96x96_1636473811570.png\" media=\"(min-width: 575px)\" data-t-resolution=\"96X96\" data-t-bind=\"icon-heading-desc.Desktop_Image\" data-t-device=\"desktop\" \/><img class=\"desktop-banner\" alt=\"vegan logo\" \/><\/picture><\/a><\/div>\n<\/div>\n<\/div>\n<\/div>\n<\/div>\n","protected":false},"excerpt":{"rendered":"<p><strong>Forever Aloe Peaches\u2122 \u2013 verf\u00fchrerische S\u00fc\u00dfe gepaart mit reinster Aloe Vera\u00a0<\/strong><\/p>\n<p>S\u00fc\u00df-spritzige Kombination aus Aloe Vera und sonnengereiften Pfirsichen. Mit dem zus\u00e4tzlich hohen Vitamin-C-Gehalt* ist Forever Aloe Peaches\u2122 ein fruchtiger Energie-Booster!<\/p>\n<p><img decoding=\"async\" class=\"emoji\" role=\"img\" draggable=\"false\" src=\"https:\/\/s.w.org\/images\/core\/emoji\/17.0.2\/svg\/2728.svg\" alt=\"\u2728\" \/>\u00a0<strong>Exklusiv f\u00fcr meine Massagekunden: \u201310 % Rabatt auf dieses Produkt!<\/strong><\/p>","protected":false},"featured_media":290,"template":"","meta":{"_kadence_starter_templates_imported_post":false,"_kad_post_transparent":"default","_kad_post_title":"","_kad_post_layout":"default","_kad_post_sidebar_id":"","_kad_post_content_style":"default","_kad_post_vertical_padding":"default","_kad_post_feature":"","_kad_post_feature_position":"","_kad_post_header":false,"_kad_post_footer":false,"_glsr_average":0,"_glsr_ranking":0,"_glsr_reviews":0},"product_brand":[25],"product_cat":[27],"product_tag":[],"class_list":{"0":"post-305","1":"product","2":"type-product","3":"status-publish","4":"has-post-thumbnail","6":"product_brand-forever","7":"product_cat-gesundheitprodukt","9":"first","10":"instock","11":"shipping-taxable","12":"product-type-external","13":"entry","14":"content-bg","15":"loop-entry"},"_links":{"self":[{"href":"https:\/\/zsanett-massage.de\/hu\/wp-json\/wp\/v2\/product\/305","targetHints":{"allow":["GET"]}}],"collection":[{"href":"https:\/\/zsanett-massage.de\/hu\/wp-json\/wp\/v2\/product"}],"about":[{"href":"https:\/\/zsanett-massage.de\/hu\/wp-json\/wp\/v2\/types\/product"}],"wp:featuredmedia":[{"embeddable":true,"href":"https:\/\/zsanett-massage.de\/hu\/wp-json\/wp\/v2\/media\/290"}],"wp:attachment":[{"href":"https:\/\/zsanett-massage.de\/hu\/wp-json\/wp\/v2\/media?parent=305"}],"wp:term":[{"taxonomy":"product_brand","embeddable":true,"href":"https:\/\/zsanett-massage.de\/hu\/wp-json\/wp\/v2\/product_brand?post=305"},{"taxonomy":"product_cat","embeddable":true,"href":"https:\/\/zsanett-massage.de\/hu\/wp-json\/wp\/v2\/product_cat?post=305"},{"taxonomy":"product_tag","embeddable":true,"href":"https:\/\/zsanett-massage.de\/hu\/wp-json\/wp\/v2\/product_tag?post=305"}],"curies":[{"name":"wp","href":"https:\/\/api.w.org\/{rel}","templated":true}]}}