{"id":314,"date":"2026-01-21T11:45:17","date_gmt":"2026-01-21T10:45:17","guid":{"rendered":"https:\/\/zsanett-massage.de\/?post_type=product&#038;p=314"},"modified":"2026-01-21T12:05:20","modified_gmt":"2026-01-21T11:05:20","slug":"aloe-msm-gel","status":"publish","type":"product","link":"https:\/\/zsanett-massage.de\/hu\/termek\/aloe-msm-gel\/","title":{"rendered":"Aloe MSM Gel"},"content":{"rendered":"<div class=\"row\">\n<div id=\"longDescription\" class=\"col-12 scroll-links mt-100 ng-star-inserted\">\n<div id=\"product-detail-long-descption\" class=\"desc-container\">\n<h4 class=\"product-title mb-1\">Aloe MSM Gel &#8211; <strong>Spitzenprodukt f\u00fcr straffe, gepflegte Haut<\/strong><\/h4>\n<p>Ein starkes Team: Aloe-Vera-Gel in Kombination mit dem wichtigen nat\u00fcrlichen Mineralstoff Schwefel in Form von MSM (Methyl-Sulfonyl-Methan). F\u00fcr ein besseres Bindegewebe und gut f\u00fcr die Haut. Die Kombination aus B\u00e4rentraube, Teebaum\u00f6l, Rosmarin und Silberweide erg\u00e4nzt die wertvollen Inhaltsstoffe optimal. Ein absolutes Spitzenprodukt, darf in keiner Sporttasche fehlen.<\/p>\n<p>Aloe MSM Gel ist ein geschmeidiges, schnell einziehendes hochwertiges Gel mit 40 % Aloe Vera f\u00fcr Haut, Bindegewebe, Gelenke, Knorpel und Knochen.<\/p>\n<p>IDEAL F\u00dcR SPORTLER UND AKTIVE MENSCHEN<br \/>\nMit dem Aloe MSM Gel versorgst du deine Haut mit zus\u00e4tzlichen wertvollen N\u00e4hrstoffen und Feuchtigkeit, was besonders nach dem Sport ein Muss ist. Die pflanzlichen Inhaltsstoffe entspannen zus\u00e4tzlich, dank der besonderen organischen Schwefel-Verbindung bildet es eine Substanz, die besonders f\u00fcr Sportler zur St\u00e4rkung von Gelenken und Bindegewebe genutzt wird. Die Kombination aus B\u00e4rentraube, Teebaum\u00f6l, Rosmarin und Silberweide vereint diese zus\u00e4tzlichen wertvollen Inhaltsstoffe optimal. Ein absolutes Spitzenprodukt.<\/p>\n<p>STRAFFES BINDEGEWEBE<br \/>\nDas reine Aloe Vera Gel und eine organische Schwefelverbindung k\u00f6nnen dein Bindegewebe st\u00e4rken. Creme dich mit dem Aloe MSM Gel ein und genie\u00dfe das geschmeidige Hautgef\u00fchl, dass reine Aloe Vera und nat\u00fcrliche Extrakte hinterlassen. Du wirst nicht nur entspannen, sondern auch noch mit einem straffen Bindegewebe belohnt.<\/p>\n<p>&nbsp;<\/p>\n<p>Ergibt auch einen wunderbaren Umschlag f\u00fcr die F\u00fc\u00dfe nach langen Wanderungen. Gegen unreine Haut kann auch etwas \u00fcber die betreffende Stelle gecremt werden.<\/p>\n<\/div>\n<\/div>\n<\/div>\n<div class=\"row\">\n<div id=\"ProductUsage\" class=\"col-12 scroll-links mt-100 ng-star-inserted\">\n<h2 class=\"text-center text-uppercase prod-desc pb-4\">Anwendung | Verzehrempfehlung<\/h2>\n<div class=\"row my-5 readmore-container\">\n<div>\n<p>Nach Bedarf einmassieren. Augenkontakt vermeiden.<\/p>\n<h1><img decoding=\"async\" class=\"emoji\" role=\"img\" draggable=\"false\" src=\"https:\/\/s.w.org\/images\/core\/emoji\/17.0.2\/svg\/1f48e.svg\" alt=\"\ud83d\udc8e\" \/>\u00a0<strong>Exklusiv f\u00fcr meine Massagekunden:<\/strong><\/h1>\n<h3><strong>\u201310 % Rabatt* auf dieses Produkt!<\/strong><\/h3>\n<p>*Der Rabatt wird direkt beim Kauf \u00fcber meine Webseite ber\u00fccksichtigt.<\/p>\n<\/div>\n<\/div>\n<\/div>\n<\/div>\n<div id=\"KeyIncredients\" class=\"incredient-container\">\n<div class=\"row\" data-t-ingredient=\"1\">\n<div class=\"card-desc\" data-t-bind=\"ingredient-img.Description\"><\/div>\n<\/div>\n<div class=\"row\">\n<div class=\"col-md-8 col-sm-8 col-xs-10 m-auto\">\n<div class=\"card-4\"><\/div>\n<\/div>\n<\/div>\n<div class=\"ng-star-inserted\">\n<div class=\"additional-ingrediants\">LISTE DER INHALTSSTOFFE \/ ZUTATEN<\/div>\n<div class=\"additional-content\">\n<p>Aloe Barbadensis Leaf Juice, Aqua, Dimethyl Sulfone, Glycerine, Triethanolamine, Dimethicone, Arctostaphylos Uva Ursi Leaf Extract, Salix Alba Bark Extract, Rosmarinus Officinalis Leaf Extract, Melaleuca Alternifolia Leaf Oil, Sodium Hyaluronate, Carbomer, Disodium EDTA, Citric Acid, Polysorbate 80, Allantoin, Ascorbic Acid, Tocopherol, Glycine Soja Oil, Diazolidinyl Urea, Methylparaben, Potassium Sorbate, Sodium Benzoate<\/p>\n<\/div>\n<\/div>\n<h4 class=\"text-uppercase text-center pb-4 bt-3 mt-100\">Zertifizierungen<\/h4>\n<div class=\"row justify-content-center\" data-t-certificate=\"1\">\n<div class=\"icon-heading-desc-card text-center center-align\" data-t-bind=\"icon-heading-desc\" data-t-positions=\"left,center,right\" data-t-positions-class=\"left-align,center-align,right-align\">\n<div class=\"card-block\">\n<div class=\"icon-holder\"><a href=\"https:\/\/www.dropbox.com\/scl\/fi\/5ps67zc1upz4wzsavp5rj\/Forever_Zertifizierungen-Siegel_DE.pdf?rlkey=yn2a64or27ap0fy9zbac4zcud&amp;st=p1awluqx&amp;dl=0\" target=\"_blank\" rel=\"noopener noreferrer\" data-t-bind=\"icon-heading-desc.Hotspot_URL\"><picture><source class=\"desktop-banner\" srcset=\"https:\/\/cdn.foreverliving.com\/content\/cards\/images\/gluten_free_certification_96x96_1636474157879.png\" media=\"(min-width: 575px)\" data-t-resolution=\"96X96\" data-t-bind=\"icon-heading-desc.Desktop_Image\" data-t-device=\"desktop\" \/><img class=\"desktop-banner\" alt=\"Glutenfrei Logo\" \/><\/picture><picture><\/picture><\/a><\/div>\n<\/div>\n<\/div>\n<div class=\"icon-heading-desc-card text-center center-align\" data-t-bind=\"icon-heading-desc\" data-t-positions=\"left,center,right\" data-t-positions-class=\"left-align,center-align,right-align\">\n<div class=\"card-block\">\n<div class=\"icon-holder\"><a href=\"https:\/\/www.dropbox.com\/scl\/fi\/5ps67zc1upz4wzsavp5rj\/Forever_Zertifizierungen-Siegel_DE.pdf?rlkey=yn2a64or27ap0fy9zbac4zcud&amp;st=p1awluqx&amp;dl=0\" target=\"_blank\" rel=\"noopener noreferrer\" data-t-bind=\"icon-heading-desc.Hotspot_URL\"><picture><source class=\"desktop-banner\" srcset=\"https:\/\/cdn.foreverliving.com\/content\/cards\/images\/vegan_friendly_certification_96x96_1636473811570.png\" media=\"(min-width: 575px)\" data-t-resolution=\"96X96\" data-t-bind=\"icon-heading-desc.Desktop_Image\" data-t-device=\"desktop\" \/><img class=\"desktop-banner\" alt=\"vegan logo\" \/><\/picture><picture><\/picture><\/a><\/div>\n<\/div>\n<\/div>\n<div class=\"icon-heading-desc-card text-center center-align\" data-t-bind=\"icon-heading-desc\" data-t-positions=\"left,center,right\" data-t-positions-class=\"left-align,center-align,right-align\">\n<div class=\"card-block\">\n<div class=\"icon-holder\"><a href=\"https:\/\/www.dropbox.com\/scl\/fi\/5ps67zc1upz4wzsavp5rj\/Forever_Zertifizierungen-Siegel_DE.pdf?rlkey=yn2a64or27ap0fy9zbac4zcud&amp;st=p1awluqx&amp;dl=0\" target=\"_blank\" rel=\"noopener noreferrer\" data-t-bind=\"icon-heading-desc.Hotspot_URL\"><picture><source class=\"desktop-banner\" srcset=\"https:\/\/cdn.foreverliving.com\/content\/cards\/images\/kosher_certification_certification_40x40_1574443016454.png\" media=\"(min-width:576px)\" data-t-resolution=\"96X96\" data-t-bind=\"icon-heading-desc.Desktop_Image\" data-t-device=\"desktop\" \/><img class=\"desktop-banner\" alt=\"Kosher Certification\" \/><\/picture><picture><\/picture><\/a><\/div>\n<\/div>\n<\/div>\n<div class=\"icon-heading-desc-card text-center center-align\" data-t-bind=\"icon-heading-desc\" data-t-positions=\"left,center,right\" data-t-positions-class=\"left-align,center-align,right-align\">\n<div class=\"card-block\">\n<div class=\"icon-holder\"><a href=\"https:\/\/www.dropbox.com\/scl\/fi\/5ps67zc1upz4wzsavp5rj\/Forever_Zertifizierungen-Siegel_DE.pdf?rlkey=yn2a64or27ap0fy9zbac4zcud&amp;st=p1awluqx&amp;dl=0\" target=\"_blank\" rel=\"noopener noreferrer\" data-t-bind=\"icon-heading-desc.Hotspot_URL\"><picture><source class=\"desktop-banner\" srcset=\"https:\/\/cdn.foreverliving.com\/content\/cards\/images\/iasc_certification_certification_40x40_1574441456527.png\" media=\"(min-width:576px)\" data-t-resolution=\"96X96\" data-t-bind=\"icon-heading-desc.Desktop_Image\" data-t-device=\"desktop\" \/><img class=\"desktop-banner\" alt=\"International Aloe Science Council Certification\" \/><\/picture><picture><\/picture><\/a><\/div>\n<\/div>\n<\/div>\n<div class=\"icon-heading-desc-card text-center center-align\" data-t-bind=\"icon-heading-desc\" data-t-positions=\"left,center,right\" data-t-positions-class=\"left-align,center-align,right-align\">\n<div class=\"card-block\">\n<div class=\"icon-holder\"><a href=\"https:\/\/www.dropbox.com\/scl\/fi\/5ps67zc1upz4wzsavp5rj\/Forever_Zertifizierungen-Siegel_DE.pdf?rlkey=yn2a64or27ap0fy9zbac4zcud&amp;st=p1awluqx&amp;dl=0\" target=\"_blank\" rel=\"noopener noreferrer\" data-t-bind=\"icon-heading-desc.Hotspot_URL\"><picture><source class=\"desktop-banner\" srcset=\"https:\/\/cdn.foreverliving.com\/content\/cards\/images\/halal_certification_certification_40x40_1574442824037.png\" media=\"(min-width:576px)\" data-t-resolution=\"96X96\" data-t-bind=\"icon-heading-desc.Desktop_Image\" data-t-device=\"desktop\" \/><img class=\"desktop-banner\" alt=\"Halal Certified Products\" \/><\/picture><picture><\/picture><\/a><\/div>\n<\/div>\n<\/div>\n<div class=\"icon-heading-desc-card text-center center-align\" data-t-bind=\"icon-heading-desc\" data-t-positions=\"left,center,right\" data-t-positions-class=\"left-align,center-align,right-align\">\n<div class=\"card-block\">\n<div class=\"icon-holder\"><a href=\"https:\/\/www.dropbox.com\/scl\/fi\/5ps67zc1upz4wzsavp5rj\/Forever_Zertifizierungen-Siegel_DE.pdf?rlkey=yn2a64or27ap0fy9zbac4zcud&amp;st=p1awluqx&amp;dl=0\" target=\"_blank\" rel=\"noopener noreferrer\" data-t-bind=\"icon-heading-desc.Hotspot_URL\"><picture><source class=\"desktop-banner\" srcset=\"https:\/\/cdn.foreverliving.com\/content\/cards\/images\/leapingbunny_certification_96x96_1718802087180.avif\" media=\"(min-width: 575px)\" data-t-resolution=\"96X96\" data-t-bind=\"icon-heading-desc.Desktop_Image\" data-t-device=\"desktop\" \/><img class=\"desktop-banner\" alt=\"Leaping Bunny Certification\" \/><\/picture><picture><\/picture><\/a><\/div>\n<\/div>\n<\/div>\n<\/div>\n<\/div>","protected":false},"excerpt":{"rendered":"<p><strong>Spitzenprodukt f\u00fcr straffe, gepflegte Haut<\/strong><\/p>\n<p>Ein starkes Team: Aloe-Vera-Gel in Kombination mit dem wichtigen nat\u00fcrlichen Mineralstoff Schwefel in Form von MSM (Methyl-Sulfonyl-Methan). F\u00fcr ein besseres Bindegewebe und gut f\u00fcr die Haut.<\/p>\n<p><img decoding=\"async\" class=\"emoji\" role=\"img\" draggable=\"false\" src=\"https:\/\/s.w.org\/images\/core\/emoji\/17.0.2\/svg\/2728.svg\" alt=\"\u2728\" \/>\u00a0<strong>Exklusiv f\u00fcr meine Massagekunden: \u201310 % Rabatt auf dieses Produkt!<\/strong><\/p>","protected":false},"featured_media":288,"template":"","meta":{"_kadence_starter_templates_imported_post":false,"_kad_post_transparent":"default","_kad_post_title":"","_kad_post_layout":"default","_kad_post_sidebar_id":"","_kad_post_content_style":"default","_kad_post_vertical_padding":"default","_kad_post_feature":"","_kad_post_feature_position":"","_kad_post_header":false,"_kad_post_footer":false,"_glsr_average":0,"_glsr_ranking":0,"_glsr_reviews":0},"product_brand":[25],"product_cat":[24],"product_tag":[],"class_list":{"0":"post-314","1":"product","2":"type-product","3":"status-publish","4":"has-post-thumbnail","6":"product_brand-forever","7":"product_cat-massageprodukt","9":"first","10":"instock","11":"shipping-taxable","12":"product-type-external","13":"entry","14":"content-bg","15":"loop-entry"},"_links":{"self":[{"href":"https:\/\/zsanett-massage.de\/hu\/wp-json\/wp\/v2\/product\/314","targetHints":{"allow":["GET"]}}],"collection":[{"href":"https:\/\/zsanett-massage.de\/hu\/wp-json\/wp\/v2\/product"}],"about":[{"href":"https:\/\/zsanett-massage.de\/hu\/wp-json\/wp\/v2\/types\/product"}],"wp:featuredmedia":[{"embeddable":true,"href":"https:\/\/zsanett-massage.de\/hu\/wp-json\/wp\/v2\/media\/288"}],"wp:attachment":[{"href":"https:\/\/zsanett-massage.de\/hu\/wp-json\/wp\/v2\/media?parent=314"}],"wp:term":[{"taxonomy":"product_brand","embeddable":true,"href":"https:\/\/zsanett-massage.de\/hu\/wp-json\/wp\/v2\/product_brand?post=314"},{"taxonomy":"product_cat","embeddable":true,"href":"https:\/\/zsanett-massage.de\/hu\/wp-json\/wp\/v2\/product_cat?post=314"},{"taxonomy":"product_tag","embeddable":true,"href":"https:\/\/zsanett-massage.de\/hu\/wp-json\/wp\/v2\/product_tag?post=314"}],"curies":[{"name":"wp","href":"https:\/\/api.w.org\/{rel}","templated":true}]}}