{"id":315,"date":"2026-01-21T11:50:08","date_gmt":"2026-01-21T10:50:08","guid":{"rendered":"https:\/\/zsanett-massage.de\/?post_type=product&#038;p=315"},"modified":"2026-01-21T12:17:36","modified_gmt":"2026-01-21T11:17:36","slug":"aloe-propolis-creme","status":"publish","type":"product","link":"https:\/\/zsanett-massage.de\/hu\/termek\/aloe-propolis-creme\/","title":{"rendered":"Aloe Propolis Creme"},"content":{"rendered":"<h4><strong>Aloe Propolis Creme &#8211; Creme mit Propolis und Aloe Vera f\u00fcr trockene und gereizte Haut<\/strong><\/h4>\n<div class=\"row\">\n<div id=\"longDescription\" class=\"col-12 scroll-links mt-100 ng-star-inserted\">\n<div id=\"product-detail-long-descption\" class=\"desc-container\">\n<p>\u2022 71% reines Aloe-Vera-Gel enthalten<br \/>\n\u2022 F\u00fcr den t\u00e4glichen Gebrauch<br \/>\n\u2022 Bei trockener und strapazierter Haut<br \/>\n\u2022 Unterst\u00fctzende Pflege bei Neurodermitis<\/p>\n<p>&nbsp;<\/p>\n<p>Aloe-Vera-Gel kombiniert mit Bienenpropolis, Vitaminen, Kamille und r\u00fcckfettenden \u00d6len ergibt die einzigartige Aloe Propolis Creme f\u00fcr den t\u00e4glichen Gebrauch. Eine K\u00f6rper- und Gesichtscreme als exzellenter Feuchtigkeitsspender f\u00fcr die Haut. Die Feuchtigkeitscreme f\u00fcr trockene Haut eignet sich auch besonders gut f\u00fcr einen gereizten Hautzustand.<\/p>\n<p>RUND 71 % REINE ALOE VERA<br \/>\nDer sch\u00f6ne Schein tr\u00fcgt oft, doch in den Produkten von Forever steckt echte und reine Forever Aloe\u2122. Daf\u00fcr stehen wir! Zu dem hohen Aloe-Vera-Anteil von rund 71 % in der Aloe Propolis Creme kommen wichtige Aufbaustoffe f\u00fcr die Haut hinzu: Bienenpropolis, die Vitamine A, C, E sowie Pflanzenextrakte. Die Feuchtigkeitscreme mit Aloe Vera ist eine sehr wirksame Pflege f\u00fcr besonders beanspruchte Hautpartien sowie f\u00fcr trockene und rissige Haut.<\/p>\n<p>F\u00dcR DEN T\u00c4GLICHEN GEBRAUCH, AUCH BEI MINUSGRADEN<br \/>\nFalls du im Winter regelm\u00e4\u00dfig Sport an der frischen Luft treibst, dann sollte die Aloe Propolis Creme auf gar keinen Fall in deinem Gep\u00e4ck fehlen! Denn je k\u00e4lter die Luft ist, umso empfindlicher reagiert unsere Haut.<\/p>\n<p>UNTERST\u00dcTZENDE PFLEGE BEI NEURODERMITIS<br \/>\nAuch bei Neurodermitis kommt die Aloe Propolis Creme als pflegender Unterst\u00fctzer zum Einsatz. Hautreizungen werden dadurch gemildert.<\/p>\n<p>IDEAL AUCH F\u00dcR DEINEN TIERISCHEN LIEBLING<br \/>\nAuch Tiere lieben die Aloe Propolis Creme. Die gezielt fetthaltige Creme pflegt besonders trockene Partien, wie zum Beispiel Liegestellen. Verw\u00f6hne auch die Samtpf\u00f6tchen deiner tierischen Freunde mit dieser besonderen Creme: Im Sommer werden die Pfoten vor der Hitze des Asphalts gesch\u00fctzt, im Winter wirkt die Aloe Propolis Creme vorbeugend gegen K\u00e4lte und Salz.<\/p>\n<p>&nbsp;<\/p>\n<p>Die Aloe Propolis Creme ist auch die perfekte Hand- oder Fu\u00dfcreme und beugt \u00fcbrigens auch Hornhaut vor. Diese Creme vereint die antiseptische Wirkung von Aloe Vera sowie Propolis und ist daher auch bestens f\u00fcr unreine Haut geeignet.<\/p>\n<\/div>\n<\/div>\n<\/div>\n<div class=\"row\">\n<div id=\"ProductUsage\" class=\"col-12 scroll-links mt-100 ng-star-inserted\">\n<h2 class=\"text-center text-uppercase prod-desc pb-4\">Anwendung | Verzehrempfehlung<\/h2>\n<div class=\"row my-5 readmore-container\">\n<div>\n<p>Gro\u00dfz\u00fcgig auf die Haut auftragen und einmassieren. Ideal auch nach der Rasur zum Schutz der Haut.<\/p>\n<p>TIPP: Haut vorher mit Aloe First\u00ae (Art. 40) einspr\u00fchen.<\/p>\n<p><img decoding=\"async\" class=\"emoji\" style=\"font-family: 'DM Sans', sans-serif; font-size: 60px; font-weight: bold; letter-spacing: -1px; background-color: #ffffff;\" role=\"img\" draggable=\"false\" src=\"https:\/\/s.w.org\/images\/core\/emoji\/17.0.2\/svg\/1f48e.svg\" alt=\"\ud83d\udc8e\" \/><span style=\"font-family: 'DM Sans', sans-serif; font-size: 60px; font-weight: bold; letter-spacing: -1px;\">\u00a0<\/span><strong style=\"font-family: 'DM Sans', sans-serif; font-size: 60px; letter-spacing: -1px;\">Exklusiv f\u00fcr meine Massagekunden:<\/strong><\/p>\n<\/div>\n<\/div>\n<\/div>\n<\/div>\n<div>\n<h3><strong>\u201310 % Rabatt* auf dieses Produkt!<\/strong><\/h3>\n<p>*Der Rabatt wird direkt beim Kauf \u00fcber meine Webseite ber\u00fccksichtigt.<\/p>\n<\/div>\n<div id=\"KeyIncredients\" class=\"incredient-container\">\n<div class=\"row\" data-t-ingredient=\"1\">\n<div class=\"ingredient-img-card overflow-hide center-align\" data-t-bind=\"ingredient-img\" data-t-positions=\"left,center,right\" data-t-positions-class=\"left-align,center-align,right-align\">\n<div class=\"card-block\">\n<div class=\"card-desc\" data-t-bind=\"ingredient-img.Description\"><\/div>\n<\/div>\n<\/div>\n<\/div>\n<div class=\"row\">\n<div class=\"col-md-8 col-sm-8 col-xs-10 m-auto\">\n<div class=\"card-4\"><\/div>\n<\/div>\n<\/div>\n<div class=\"ng-star-inserted\">\n<div class=\"additional-ingrediants\">LISTE DER INHALTSSTOFFE \/ ZUTATEN<\/div>\n<div class=\"additional-content\">\n<p>Aloe Barbadensis Leaf Juice*, Glyceryl Stearate, Propylene Glycol, Cetyl Alcohol, PEG-100 Stearate, Lanolin, Ethylhexyl Stearate, Ethylhexyl Palmitate, Sorbitol, Diethylhexyl Adipate, Allantoin, Triethanolamine, Aqua, Dimethicone, Disodium EDTA, Diazolidinyl Urea, Lanolin Alcohol, Methylparaben, Citric Acid, Propylparaben, Parfum, Potassium Sorbate, Sodium Benzoate, Ascorbic Acid, Chamomilla Recutita Flower Extract, Coumarin, Tocopherol, Glycine Soja Oil, Propolis Extract, Phenoxyethanol, Zea Mays Oil, Beta-Carotene.<\/p>\n<p>*Stabilized Aloe Vera Gel<\/p>\n<\/div>\n<\/div>\n<h4 class=\"text-uppercase text-center pb-4 bt-3 mt-100\">Zertifizierungen<\/h4>\n<div class=\"row justify-content-center\" data-t-certificate=\"1\">\n<div class=\"icon-heading-desc-card text-center center-align\" data-t-bind=\"icon-heading-desc\" data-t-positions=\"left,center,right\" data-t-positions-class=\"left-align,center-align,right-align\">\n<div class=\"card-block\">\n<div class=\"icon-holder\"><a href=\"https:\/\/www.dropbox.com\/scl\/fi\/5ps67zc1upz4wzsavp5rj\/Forever_Zertifizierungen-Siegel_DE.pdf?rlkey=yn2a64or27ap0fy9zbac4zcud&amp;st=p1awluqx&amp;dl=0\" target=\"_blank\" rel=\"noopener noreferrer\" data-t-bind=\"icon-heading-desc.Hotspot_URL\"><picture><source class=\"desktop-banner\" srcset=\"https:\/\/cdn.foreverliving.com\/content\/cards\/images\/leapingbunny_certification_96x96_1718802087180.avif\" media=\"(min-width: 575px)\" data-t-resolution=\"96X96\" data-t-bind=\"icon-heading-desc.Desktop_Image\" data-t-device=\"desktop\" \/><img class=\"desktop-banner\" alt=\"Leaping Bunny Certification\" \/><\/picture><\/a><\/div>\n<\/div>\n<\/div>\n<div class=\"icon-heading-desc-card text-center center-align\" data-t-bind=\"icon-heading-desc\" data-t-positions=\"left,center,right\" data-t-positions-class=\"left-align,center-align,right-align\">\n<div class=\"card-block\">\n<div class=\"icon-holder\"><a href=\"https:\/\/www.dropbox.com\/scl\/fi\/5ps67zc1upz4wzsavp5rj\/Forever_Zertifizierungen-Siegel_DE.pdf?rlkey=yn2a64or27ap0fy9zbac4zcud&amp;st=p1awluqx&amp;dl=0\" target=\"_blank\" rel=\"noopener noreferrer\" data-t-bind=\"icon-heading-desc.Hotspot_URL\"><picture><source class=\"desktop-banner\" srcset=\"https:\/\/cdn.foreverliving.com\/content\/cards\/images\/gluten_free_certification_96x96_1636474157879.png\" media=\"(min-width: 575px)\" data-t-resolution=\"96X96\" data-t-bind=\"icon-heading-desc.Desktop_Image\" data-t-device=\"desktop\" \/><img class=\"desktop-banner\" alt=\"Glutenfrei Logo\" \/><\/picture><\/a><\/div>\n<\/div>\n<\/div>\n<div class=\"icon-heading-desc-card text-center center-align\" data-t-bind=\"icon-heading-desc\" data-t-positions=\"left,center,right\" data-t-positions-class=\"left-align,center-align,right-align\">\n<div class=\"card-block\">\n<div class=\"icon-holder\"><a href=\"https:\/\/www.dropbox.com\/scl\/fi\/5ps67zc1upz4wzsavp5rj\/Forever_Zertifizierungen-Siegel_DE.pdf?rlkey=yn2a64or27ap0fy9zbac4zcud&amp;st=p1awluqx&amp;dl=0\" target=\"_blank\" rel=\"noopener noreferrer\" data-t-bind=\"icon-heading-desc.Hotspot_URL\"><picture><source class=\"desktop-banner\" srcset=\"https:\/\/cdn.foreverliving.com\/content\/cards\/images\/kosher_certification_certification_40x40_1574443016454.png\" media=\"(min-width:576px)\" data-t-resolution=\"96X96\" data-t-bind=\"icon-heading-desc.Desktop_Image\" data-t-device=\"desktop\" \/><img class=\"desktop-banner\" alt=\"Kosher Certification\" \/><\/picture><\/a><\/div>\n<\/div>\n<\/div>\n<div class=\"icon-heading-desc-card text-center center-align\" data-t-bind=\"icon-heading-desc\" data-t-positions=\"left,center,right\" data-t-positions-class=\"left-align,center-align,right-align\">\n<div class=\"card-block\">\n<div class=\"icon-holder\"><a href=\"https:\/\/www.dropbox.com\/scl\/fi\/5ps67zc1upz4wzsavp5rj\/Forever_Zertifizierungen-Siegel_DE.pdf?rlkey=yn2a64or27ap0fy9zbac4zcud&amp;st=p1awluqx&amp;dl=0\" target=\"_blank\" rel=\"noopener noreferrer\" data-t-bind=\"icon-heading-desc.Hotspot_URL\"><picture><source class=\"desktop-banner\" srcset=\"https:\/\/cdn.foreverliving.com\/content\/cards\/images\/iasc_certification_certification_40x40_1574441456527.png\" media=\"(min-width:576px)\" data-t-resolution=\"96X96\" data-t-bind=\"icon-heading-desc.Desktop_Image\" data-t-device=\"desktop\" \/><img class=\"desktop-banner\" alt=\"International Aloe Science Council Certification\" \/><\/picture><\/a><\/div>\n<\/div>\n<\/div>\n<div class=\"icon-heading-desc-card text-center center-align\" data-t-bind=\"icon-heading-desc\" data-t-positions=\"left,center,right\" data-t-positions-class=\"left-align,center-align,right-align\">\n<div class=\"card-block\">\n<div class=\"icon-holder\"><a href=\"https:\/\/www.dropbox.com\/scl\/fi\/5ps67zc1upz4wzsavp5rj\/Forever_Zertifizierungen-Siegel_DE.pdf?rlkey=yn2a64or27ap0fy9zbac4zcud&amp;st=p1awluqx&amp;dl=0\" target=\"_blank\" rel=\"noopener noreferrer\" data-t-bind=\"icon-heading-desc.Hotspot_URL\"><picture><source class=\"desktop-banner\" srcset=\"https:\/\/cdn.foreverliving.com\/content\/cards\/images\/halal_certification_certification_40x40_1574442824037.png\" media=\"(min-width:576px)\" data-t-resolution=\"96X96\" data-t-bind=\"icon-heading-desc.Desktop_Image\" data-t-device=\"desktop\" \/><img class=\"desktop-banner\" alt=\"Halal Certified Products\" \/><\/picture><\/a><\/div>\n<\/div>\n<\/div>\n<\/div>\n<\/div>","protected":false},"excerpt":{"rendered":"<p><strong>Creme mit Propolis und Aloe Vera f\u00fcr trockene und gereizte Haut<\/strong><\/p>\n<p>Aloe-Vera-Gel im Verbund mit Bienenpropolis, Vitaminen, Kamille und r\u00fcckfettenden \u00d6len ist ein exzellenter Feuchtigkeitsspender. Unterst\u00fctzt die Pflege bei wunder und rissiger Haut.<\/p>\n<p><img decoding=\"async\" class=\"emoji\" role=\"img\" draggable=\"false\" src=\"https:\/\/s.w.org\/images\/core\/emoji\/17.0.2\/svg\/2728.svg\" alt=\"\u2728\" \/>\u00a0<strong>Exklusiv f\u00fcr meine Massagekunden: \u201310 % Rabatt auf dieses Produkt!<\/strong><\/p>","protected":false},"featured_media":291,"template":"","meta":{"_kadence_starter_templates_imported_post":false,"_kad_post_transparent":"default","_kad_post_title":"","_kad_post_layout":"default","_kad_post_sidebar_id":"","_kad_post_content_style":"default","_kad_post_vertical_padding":"default","_kad_post_feature":"","_kad_post_feature_position":"","_kad_post_header":false,"_kad_post_footer":false,"_glsr_average":0,"_glsr_ranking":0,"_glsr_reviews":0},"product_brand":[25],"product_cat":[24],"product_tag":[],"class_list":{"0":"post-315","1":"product","2":"type-product","3":"status-publish","4":"has-post-thumbnail","6":"product_brand-forever","7":"product_cat-massageprodukt","9":"first","10":"instock","11":"shipping-taxable","12":"product-type-external","13":"entry","14":"content-bg","15":"loop-entry"},"_links":{"self":[{"href":"https:\/\/zsanett-massage.de\/hu\/wp-json\/wp\/v2\/product\/315","targetHints":{"allow":["GET"]}}],"collection":[{"href":"https:\/\/zsanett-massage.de\/hu\/wp-json\/wp\/v2\/product"}],"about":[{"href":"https:\/\/zsanett-massage.de\/hu\/wp-json\/wp\/v2\/types\/product"}],"wp:featuredmedia":[{"embeddable":true,"href":"https:\/\/zsanett-massage.de\/hu\/wp-json\/wp\/v2\/media\/291"}],"wp:attachment":[{"href":"https:\/\/zsanett-massage.de\/hu\/wp-json\/wp\/v2\/media?parent=315"}],"wp:term":[{"taxonomy":"product_brand","embeddable":true,"href":"https:\/\/zsanett-massage.de\/hu\/wp-json\/wp\/v2\/product_brand?post=315"},{"taxonomy":"product_cat","embeddable":true,"href":"https:\/\/zsanett-massage.de\/hu\/wp-json\/wp\/v2\/product_cat?post=315"},{"taxonomy":"product_tag","embeddable":true,"href":"https:\/\/zsanett-massage.de\/hu\/wp-json\/wp\/v2\/product_tag?post=315"}],"curies":[{"name":"wp","href":"https:\/\/api.w.org\/{rel}","templated":true}]}}