{"id":316,"date":"2026-01-21T12:00:36","date_gmt":"2026-01-21T11:00:36","guid":{"rendered":"https:\/\/zsanett-massage.de\/?post_type=product&#038;p=316"},"modified":"2026-01-21T12:21:50","modified_gmt":"2026-01-21T11:21:50","slug":"forever-day-to-night-duo","status":"publish","type":"product","link":"https:\/\/zsanett-massage.de\/hu\/termek\/forever-day-to-night-duo\/","title":{"rendered":"Forever Day-to-Night Duo"},"content":{"rendered":"<h1 class=\"product-title mb-1\">Forever Day to Night Duo<\/h1>\n<div class=\"row\">\n<div id=\"longDescription\" class=\"col-12 scroll-links mt-100 ng-star-inserted\">\n<div id=\"product-detail-long-descption\" class=\"desc-container\">\n<p>\u2022 Optimal abgestimmtes Tag-Nacht-Duo f\u00fcr rund um die Uhr gepflegte Haut<br \/>\n\u2022 Forever Vitamin C\u2122 mit 6 % stabiler, tiefenwirksamer Vitamin-C-Formel f\u00fcr strahlende Frische<br \/>\n\u2022 Forever Bakuchiol\u2122 mit 1 % pflanzlicher Retinol-Alternative f\u00fcr sichtbar gegl\u00e4ttete Haut<br \/>\n\u2022 Beide Formeln reich an Aloe Vera und hautpflegenden Pflanzenstoffen<br \/>\n\u2022 Unterst\u00fctzt ebenm\u00e4\u00dfigen Teint, jugendliche Ausstrahlung und verbesserte Hautelastizit\u00e4t<br \/>\n\u2022 Leichte, milchige Texturen, die sofort einziehen \u2013 ideal f\u00fcr Layering<br \/>\n\u2022 Sanft und vegan: geeignet f\u00fcr alle Hauttypen, dermatologisch getestet<br \/>\n\u2022 Frei von Parabenen, Phthalaten, Sulfaten und ohne zugesetzte Duftstoffe<\/p>\n<p>&nbsp;<\/p>\n<p><strong>MIT DIESEN DUO ZU EINEM STRAHLEND FRISCHEN TEINT<\/strong><br \/>\nAm Morgen schenkt\u00a0<strong>Forever Vitamin C\u2122 Brightening Facial Milk<\/strong>\u00a0mit seiner hochstabilen 6 % Vitamin-C-Formel eine sichtbar strahlendere, ebenm\u00e4\u00dfigere Haut und hilft, den Teint vor Umwelteinfl\u00fcssen zu sch\u00fctzen. Jojoba und Aloe Vera versorgen die Haut zus\u00e4tzlich mit intensiver Feuchtigkeit und sorgen f\u00fcr eine seidige Gl\u00e4tte.<\/p>\n<p>Am Abend setzt\u00a0<strong>Forever Bakuchiol\u2122 Nourishing Facial Milk<\/strong>\u00a0an: Die pflanzliche Alternative zu Retinol mit 1 % Bakuchiol unterst\u00fctzt die Hauterneuerung, verfeinert das Hautbild und reduziert das Erscheinungsbild feiner Linien und Falten, ohne die Haut zu reizen. Aloe Vera, Jojoba und weitere botanische Wirkstoffe schenken \u00fcber Nacht intensive Pflege und f\u00f6rdern ein erholtes Hautgef\u00fchl am Morgen.<\/p>\n<p><strong>FOREVER VITAMIN C\u2122 F\u00dcR WAHRE LEUCHTKRAFT \u2013 FOREVER BAKUCHIOL\u2122 F\u00dcR SANFTE REGENERATION\u00a0<\/strong><br \/>\nDieses Duo f\u00fcgt sich m\u00fchelos in deine t\u00e4gliche Routine ein \u2013 morgens Vitamin C\u2122, abends Bakuchiol\u2122 \u2013 und l\u00e4sst sich optimal mit allen weiteren Forever-Hautpflegeprodukten kombinieren. So entsteht ein perfekt abgestimmtes Pflegeritual f\u00fcr einen strahlenden und vitalen Teint, der von innen heraus leuchtet.<\/p>\n<p><strong>Hinweis:<\/strong><br \/>\nAugenkontakt vermeiden. Bei Kontakt mit den Augen gr\u00fcndlich mit Wasser aussp\u00fclen. Falls die Reizung anh\u00e4lt, die Anwendung abbrechen und einen Arzt oder eine medizinische Fachkraft konsultieren.<\/p>\n<p>Hergestellt in den USA<\/p>\n<\/div>\n<\/div>\n<\/div>\n<div class=\"row\">\n<div id=\"ProductUsage\" class=\"col-12 scroll-links mt-100 ng-star-inserted\">\n<h2 class=\"text-center text-uppercase prod-desc pb-4\">Anwendung | Verzehrempfehlung<\/h2>\n<div class=\"row my-5 readmore-container\">\n<div>\n<p><strong>FOREVER VITAMIN C\u2122 BRIGHTENING FACIAL MILK<\/strong><br \/>\nSanft 1\u20132 Pumpst\u00f6\u00dfe morgens nach der Reinigung auf Gesicht und Hals auftragen, um ein strahlendes und leuchtendes Hautbild zu unterst\u00fctzen. Anschlie\u00dfend eine beliebige Forever-Feuchtigkeitspflege und Sonnenschutz verwenden.<\/p>\n<p><strong>FOREVER BAKUCHIOL\u2122 NOURISHING FACIAL MILK<\/strong><br \/>\nAbends nach der Reinigung 1\u20132 Pumpst\u00f6\u00dfe sanft auf Gesicht und Hals auftragen f\u00fcr ein sichtbar erneuertes und jugendliches Hautbild. Anschlie\u00dfend die bevorzugte Forever-Feuchtigkeitspflege verwenden.<\/p>\n<\/div>\n<\/div>\n<\/div>\n<\/div>\n<div data-t-bind=\"ingredient-img.Description\">\n<h1><img decoding=\"async\" class=\"emoji\" role=\"img\" draggable=\"false\" src=\"https:\/\/s.w.org\/images\/core\/emoji\/17.0.2\/svg\/1f48e.svg\" alt=\"\ud83d\udc8e\" \/>\u00a0<strong>Exklusiv f\u00fcr meine Massagekunden:<\/strong><\/h1>\n<h3><strong>\u201310 % Rabatt* auf dieses Produkt!<\/strong><\/h3>\n<p>*Der Rabatt wird direkt beim Kauf \u00fcber meine Webseite ber\u00fccksichtigt.<\/p>\n<p>&nbsp;<\/p>\n<\/div>\n<div id=\"KeyIncredients\" class=\"incredient-container\">\n<div class=\"ng-star-inserted\">\n<div class=\"additional-ingrediants\">LISTE DER INHALTSSTOFFE \/ ZUTATEN<\/div>\n<div class=\"additional-content\">\n<p><strong>Forever Vitamin C\u2122 Brightening Facial Milk<\/strong><br \/>\nAloe Barbadensis Leaf Juice, Aqua, Caprylic\/Capric Triglyceride, Tetrahexyldecyl Ascorbate, Propanediol, Glycerin, Isosorbide Dicaprylate, Ethyl Linoleate, Polysorbate 20, Panthenol, Phenoxyethanol, Hydroxyacetophenone, Arginine, Hydrolyzed Jojoba Esters, Hydroxyethyl Acrylate\/Sodium Acryloyldimethyl Taurate Copolymer, Acrylates\/C10-30 Alkyl Acrylate Crosspolymer, Caprylyl Glycol, Disodium EDTA, C15-23 Alkane, Decyl Glucoside, Pentylene Glycol, Hydrolyzed Soy Protein, Potassium Sorbate, Hexylene Glycol, Ethylhexylglycerin, Citric Acid, C13-14 Alkane, Sodium Benzoate, Ascorbic Acid.<\/p>\n<p><strong>Forever Bakuchiol\u2122 Nourishing Facial Milk<\/strong><br \/>\nAloe Barbadensis Leaf Juice, Aqua, Caprylic\/Capric Triglyceride, Propanediol, Isononyl Isononanoate, Isosorbide Dicaprylate, Glycerin, Sodium Acrylates Copolymer, Bakuchiol, Diisopropyl Adipate, Phenoxyethanol, Hexylresorcinol, Hydroxyacetophenone, Panthenol, Ethyl Linoleate, Hematite Extract, Lecithin, Hydrolyzed Jojoba Esters, Caprylyl Glycol, Disodium EDTA, Potassium Sorbate, Hexylene Glycol, Ethylhexylglycerin, Citric Acid, Sodium Benzoate, Tocopherol, Pentylene Glycol, Glycine Soja Oil, Pistacia Lentiscus Gum, Hydroxypinacolone Retinoate, Glyceryl Caprylate\/Caprate, Ascorbic Acid, Sorbic Acid.<\/p>\n<\/div>\n<\/div>\n<h4 class=\"text-uppercase text-center pb-4 bt-3 mt-100\">Zertifizierungen<\/h4>\n<div class=\"row justify-content-center\" data-t-certificate=\"1\">\n<div class=\"icon-heading-desc-card text-center center-align\" data-t-bind=\"icon-heading-desc\" data-t-positions=\"left,center,right\" data-t-positions-class=\"left-align,center-align,right-align\">\n<div class=\"card-block\">\n<div class=\"icon-holder\"><a href=\"https:\/\/www.dropbox.com\/scl\/fi\/5ps67zc1upz4wzsavp5rj\/Forever_Zertifizierungen-Siegel_DE.pdf?rlkey=yn2a64or27ap0fy9zbac4zcud&amp;st=p1awluqx&amp;dl=0\" target=\"_blank\" rel=\"noopener noreferrer\" data-t-bind=\"icon-heading-desc.Hotspot_URL\"><picture><source class=\"desktop-banner\" srcset=\"https:\/\/cdn.foreverliving.com\/content\/cards\/images\/halal_certification_certification_40x40_1574442824037.png\" media=\"(min-width:576px)\" data-t-resolution=\"96X96\" data-t-bind=\"icon-heading-desc.Desktop_Image\" data-t-device=\"desktop\" \/><img class=\"desktop-banner\" alt=\"Halal Certified Products\" \/><\/picture><\/a><\/div>\n<\/div>\n<\/div>\n<div class=\"icon-heading-desc-card text-center center-align\" data-t-bind=\"icon-heading-desc\" data-t-positions=\"left,center,right\" data-t-positions-class=\"left-align,center-align,right-align\">\n<div class=\"card-block\">\n<div class=\"icon-holder\"><a href=\"https:\/\/www.dropbox.com\/scl\/fi\/5ps67zc1upz4wzsavp5rj\/Forever_Zertifizierungen-Siegel_DE.pdf?rlkey=yn2a64or27ap0fy9zbac4zcud&amp;st=p1awluqx&amp;dl=0\" target=\"_blank\" rel=\"noopener noreferrer\" data-t-bind=\"icon-heading-desc.Hotspot_URL\"><picture><source class=\"desktop-banner\" srcset=\"https:\/\/cdn.foreverliving.com\/content\/cards\/images\/iasc_certification_certification_40x40_1574441456527.png\" media=\"(min-width:576px)\" data-t-resolution=\"96X96\" data-t-bind=\"icon-heading-desc.Desktop_Image\" data-t-device=\"desktop\" \/><img class=\"desktop-banner\" alt=\"International Aloe Science Council Certification\" \/><\/picture><\/a><\/div>\n<\/div>\n<\/div>\n<div class=\"icon-heading-desc-card text-center center-align\" data-t-bind=\"icon-heading-desc\" data-t-positions=\"left,center,right\" data-t-positions-class=\"left-align,center-align,right-align\">\n<div class=\"card-block\">\n<div class=\"icon-holder\"><a href=\"https:\/\/www.dropbox.com\/scl\/fi\/5ps67zc1upz4wzsavp5rj\/Forever_Zertifizierungen-Siegel_DE.pdf?rlkey=yn2a64or27ap0fy9zbac4zcud&amp;st=p1awluqx&amp;dl=0\" target=\"_blank\" rel=\"noopener noreferrer\" data-t-bind=\"icon-heading-desc.Hotspot_URL\"><picture><source class=\"desktop-banner\" srcset=\"https:\/\/cdn.foreverliving.com\/content\/cards\/images\/kosher_certification_certification_40x40_1574443016454.png\" media=\"(min-width:576px)\" data-t-resolution=\"96X96\" data-t-bind=\"icon-heading-desc.Desktop_Image\" data-t-device=\"desktop\" \/><img class=\"desktop-banner\" alt=\"Kosher Certification\" \/><\/picture><\/a><\/div>\n<\/div>\n<\/div>\n<div class=\"icon-heading-desc-card text-center center-align\" data-t-bind=\"icon-heading-desc\" data-t-positions=\"left,center,right\" data-t-positions-class=\"left-align,center-align,right-align\">\n<div class=\"card-block\">\n<div class=\"icon-holder\"><a href=\"https:\/\/www.dropbox.com\/scl\/fi\/5ps67zc1upz4wzsavp5rj\/Forever_Zertifizierungen-Siegel_DE.pdf?rlkey=yn2a64or27ap0fy9zbac4zcud&amp;st=p1awluqx&amp;dl=0\" target=\"_blank\" rel=\"noopener noreferrer\" data-t-bind=\"icon-heading-desc.Hotspot_URL\"><picture><source class=\"desktop-banner\" srcset=\"https:\/\/cdn.foreverliving.com\/content\/cards\/images\/leapingbunny_certification_96x96_1718802087180.avif\" media=\"(min-width: 575px)\" data-t-resolution=\"96X96\" data-t-bind=\"icon-heading-desc.Desktop_Image\" data-t-device=\"desktop\" \/><img class=\"desktop-banner\" alt=\"Leaping Bunny Certification\" \/><\/picture><\/a><\/div>\n<\/div>\n<\/div>\n<div class=\"icon-heading-desc-card text-center center-align\" data-t-bind=\"icon-heading-desc\" data-t-positions=\"left,center,right\" data-t-positions-class=\"left-align,center-align,right-align\">\n<div class=\"card-block\">\n<div class=\"icon-holder\"><a href=\"https:\/\/www.dropbox.com\/scl\/fi\/5ps67zc1upz4wzsavp5rj\/Forever_Zertifizierungen-Siegel_DE.pdf?rlkey=yn2a64or27ap0fy9zbac4zcud&amp;st=p1awluqx&amp;dl=0\" target=\"_blank\" rel=\"noopener noreferrer\" data-t-bind=\"icon-heading-desc.Hotspot_URL\"><picture><source class=\"desktop-banner\" srcset=\"https:\/\/cdn.foreverliving.com\/content\/cards\/images\/gluten_free_certification_96x96_1636474157879.png\" media=\"(min-width: 575px)\" data-t-resolution=\"96X96\" data-t-bind=\"icon-heading-desc.Desktop_Image\" data-t-device=\"desktop\" \/><img class=\"desktop-banner\" alt=\"Glutenfrei Logo\" \/><\/picture><\/a><\/div>\n<\/div>\n<\/div>\n<div class=\"icon-heading-desc-card text-center center-align\" data-t-bind=\"icon-heading-desc\" data-t-positions=\"left,center,right\" data-t-positions-class=\"left-align,center-align,right-align\">\n<div class=\"card-block\">\n<div class=\"icon-holder\"><a href=\"https:\/\/www.dropbox.com\/scl\/fi\/5ps67zc1upz4wzsavp5rj\/Forever_Zertifizierungen-Siegel_DE.pdf?rlkey=yn2a64or27ap0fy9zbac4zcud&amp;st=9yb3fz2r&amp;dl=0\" target=\"_blank\" rel=\"noopener noreferrer\" data-t-bind=\"icon-heading-desc.Hotspot_URL\"><picture><source class=\"desktop-banner\" srcset=\"https:\/\/cdn.foreverliving.com\/content\/cards\/images\/vegetarian_friendly_certification_96x96_1636473989606.png\" media=\"(min-width: 575px)\" data-t-resolution=\"96X96\" data-t-bind=\"icon-heading-desc.Desktop_Image\" data-t-device=\"desktop\" \/><img class=\"desktop-banner\" alt=\"Vegetarian logo\" \/><\/picture><\/a><\/div>\n<\/div>\n<\/div>\n<div class=\"icon-heading-desc-card text-center center-align\" data-t-bind=\"icon-heading-desc\" data-t-positions=\"left,center,right\" data-t-positions-class=\"left-align,center-align,right-align\">\n<div class=\"card-block\">\n<div class=\"icon-holder\"><a href=\"https:\/\/www.dropbox.com\/scl\/fi\/5ps67zc1upz4wzsavp5rj\/Forever_Zertifizierungen-Siegel_DE.pdf?rlkey=yn2a64or27ap0fy9zbac4zcud&amp;st=p1awluqx&amp;dl=0\" target=\"_blank\" rel=\"noopener noreferrer\" data-t-bind=\"icon-heading-desc.Hotspot_URL\"><picture><source class=\"desktop-banner\" srcset=\"https:\/\/cdn.foreverliving.com\/content\/cards\/images\/vegan_friendly_certification_96x96_1636473811570.png\" media=\"(min-width: 575px)\" data-t-resolution=\"96X96\" data-t-bind=\"icon-heading-desc.Desktop_Image\" data-t-device=\"desktop\" \/><img class=\"desktop-banner\" alt=\"vegan logo\" \/><\/picture><\/a><\/div>\n<\/div>\n<\/div>\n<\/div>\n<\/div>","protected":false},"excerpt":{"rendered":"<p><strong>Dein Forever Day-to-Night Duo\u00a0<\/strong>\u2013 f\u00fcr einen strahlenden frischen Teint am Tag und sichtbar erneuerte Haut \u00fcber Nacht. Die perfekte Kombination f\u00fcr ein t\u00e4gliches, ganzheitliches Pflegeerlebnis mit Forever.<\/p>\n<p><img decoding=\"async\" class=\"emoji\" role=\"img\" draggable=\"false\" src=\"https:\/\/s.w.org\/images\/core\/emoji\/17.0.2\/svg\/2728.svg\" alt=\"\u2728\" \/>\u00a0<strong>Exklusiv f\u00fcr meine Massagekunden: \u201310 % Rabatt auf dieses Produkt!<\/strong><\/p>","protected":false},"featured_media":300,"template":"","meta":{"_kadence_starter_templates_imported_post":false,"_kad_post_transparent":"default","_kad_post_title":"","_kad_post_layout":"default","_kad_post_sidebar_id":"","_kad_post_content_style":"default","_kad_post_vertical_padding":"default","_kad_post_feature":"","_kad_post_feature_position":"","_kad_post_header":false,"_kad_post_footer":false,"_glsr_average":0,"_glsr_ranking":0,"_glsr_reviews":0},"product_brand":[25],"product_cat":[24],"product_tag":[],"class_list":{"0":"post-316","1":"product","2":"type-product","3":"status-publish","4":"has-post-thumbnail","6":"product_brand-forever","7":"product_cat-massageprodukt","9":"first","10":"instock","11":"shipping-taxable","12":"product-type-external","13":"entry","14":"content-bg","15":"loop-entry"},"_links":{"self":[{"href":"https:\/\/zsanett-massage.de\/hu\/wp-json\/wp\/v2\/product\/316","targetHints":{"allow":["GET"]}}],"collection":[{"href":"https:\/\/zsanett-massage.de\/hu\/wp-json\/wp\/v2\/product"}],"about":[{"href":"https:\/\/zsanett-massage.de\/hu\/wp-json\/wp\/v2\/types\/product"}],"wp:featuredmedia":[{"embeddable":true,"href":"https:\/\/zsanett-massage.de\/hu\/wp-json\/wp\/v2\/media\/300"}],"wp:attachment":[{"href":"https:\/\/zsanett-massage.de\/hu\/wp-json\/wp\/v2\/media?parent=316"}],"wp:term":[{"taxonomy":"product_brand","embeddable":true,"href":"https:\/\/zsanett-massage.de\/hu\/wp-json\/wp\/v2\/product_brand?post=316"},{"taxonomy":"product_cat","embeddable":true,"href":"https:\/\/zsanett-massage.de\/hu\/wp-json\/wp\/v2\/product_cat?post=316"},{"taxonomy":"product_tag","embeddable":true,"href":"https:\/\/zsanett-massage.de\/hu\/wp-json\/wp\/v2\/product_tag?post=316"}],"curies":[{"name":"wp","href":"https:\/\/api.w.org\/{rel}","templated":true}]}}