{"id":317,"date":"2026-01-21T12:12:57","date_gmt":"2026-01-21T11:12:57","guid":{"rendered":"https:\/\/zsanett-massage.de\/?post_type=product&#038;p=317"},"modified":"2026-01-21T12:15:54","modified_gmt":"2026-01-21T11:15:54","slug":"aloe-first","status":"publish","type":"product","link":"https:\/\/zsanett-massage.de\/hu\/termek\/aloe-first\/","title":{"rendered":"Aloe First"},"content":{"rendered":"<h4><strong>Aloe First f\u00fcr Kopfhaut, Haare und Haut<\/strong><\/h4>\n<div class=\"row\">\n<div id=\"longDescription\" class=\"col-12 scroll-links mt-100 ng-star-inserted\">\n<div id=\"product-detail-long-descption\" class=\"desc-container\">\n<p>\u2022 81% reines Aloe-Vera-Gel enthalten<br \/>\n\u2022 Durch die Spr\u00fchfunktion hervorragend geeignet bei ber\u00fchrungsempfindlichen Hautpartien<br \/>\n\u2022 Ideal auch zur Haut- und Kopfhautpflege, sowie f\u00fcr angegriffenes Haar<br \/>\n\u2022 Zus\u00e4tzlich als Mundsp\u00fclung anzuwenden<br \/>\n\u2022 Unterst\u00fctzt pflegend bei Neurodermitis<\/p>\n<p>&nbsp;<\/p>\n<p>Der Allesk\u00f6nner Aloe First\u00ae versorgt den K\u00f6rper mit Feuchtigkeit und N\u00e4hrstoffen. Reines Aloe-Vera-Gel mit Bienenpropolis und ausgew\u00e4hlten Kr\u00e4utern wirkt als Erste-Hilfe-Spray mit Aloe Vera vielseitig und erfrischend und sollte in keinem Haushalt fehlen. Der Aloe-Vera-Spray bei Neurodermitis, sonnengestresster Haut und leichten Hautverletzungen.<\/p>\n<p>81 % REINE ALOE<br \/>\nDer wohltuende und beruhigende Aloe Vera Spray besteht zu 81 % aus unserer besten Forever-Aloe und 11 wertvollen Kr\u00e4utern wie z. B. Kamille, Eukalyptus, L\u00f6wenzahn, Salbei oder Ingwer und zudem hochwertigem Bienenpropolis. Deine Haut wird mit wertvollen N\u00e4hrstoffen vesorgt. Einfach nach dem Duschen aufspr\u00fchen und genie\u00dfen.<\/p>\n<p>EIN WAHRER ALLROUNDER<br \/>\nUnser Allrounder kann noch viel mehr: Aloe First\u00ae f\u00fcr Haare, dein Aloe-Vera-Spray auch f\u00fcr die Kopfhaut. Ein Aloe-Spray mit der Extraportion an Pflege und Feuchtigkeit. Einfach den Erste-Hilfe-Spray mit Kr\u00e4uteressenzen aufspr\u00fchen, sanft einmassieren und die Haare wie gewohnt weiter pflegen. Auch morgens dient der Aloe Vera Spray als erfrischende Mundsp\u00fclung, zur Pflege der Mundschleimh\u00e4ute und des Zahnfleischs. Perfekt auch als kl\u00e4rendes Gesichtswasser bei junger Mischhaut.<\/p>\n<p>FAMILIENBEGEISTERT \u2026<br \/>\nAloe First\u00ae ist ein Produkt f\u00fcr die ganze Familie und deswegen darf dieses vielseitige und erfrischende Aloe Vera Spray in keinem Haushalt fehlen!<\/p>\n<p>QUALIT\u00c4T<br \/>\nAuch das Institut Dermatest\u00ae hat die Qualit\u00e4t des Erste-Hilfe-Sprays Aloe First\u00ae \u00fcberzeugt: Wir sind stolz auf das Siegel \u201cSEHR GUT\u201d. Unser Erste-Hilfe-Spray mit Propolis. Wir versprechen nicht nur gute Qualit\u00e4t, wir garantieren sie!<\/p>\n<\/div>\n<\/div>\n<\/div>\n<div class=\"row\">\n<div id=\"ProductUsage\" class=\"col-12 scroll-links mt-100 ng-star-inserted\">\n<h2 class=\"text-center text-uppercase prod-desc pb-4\">Anwendung | Verzehrempfehlung<\/h2>\n<div class=\"row my-5 readmore-container\">\n<div>\n<p>Nach Belieben aufspr\u00fchen.<\/p>\n<p><strong>TIPP:<\/strong>\u00a0Deine Lieblingscreme kannst du wunderbar mit dem Aloe First\u00ae im Verh\u00e4ltnis 1:1 mischen. So kannst du sie bequem aufspr\u00fchen. Sie zieht dadurch schneller ein und ist sparsamer im Verbrauch. Aloe First\u00ae ins feuchte Haar aufgespr\u00fcht wirkt wie ein leichter Haarfestiger.<\/p>\n<\/div>\n<\/div>\n<\/div>\n<\/div>\n<div>\n<h1><img decoding=\"async\" class=\"emoji\" role=\"img\" draggable=\"false\" src=\"https:\/\/s.w.org\/images\/core\/emoji\/17.0.2\/svg\/1f48e.svg\" alt=\"\ud83d\udc8e\" \/>\u00a0<strong>Exklusiv f\u00fcr meine Massagekunden:<\/strong><\/h1>\n<h3><strong>\u201310 % Rabatt* auf dieses Produkt!<\/strong><\/h3>\n<p>*Der Rabatt wird direkt beim Kauf \u00fcber meine Webseite ber\u00fccksichtigt.<\/p>\n<p>&nbsp;<\/p>\n<\/div>\n<div id=\"KeyIncredients\" class=\"incredient-container\">\n<div class=\"ng-star-inserted\">\n<div class=\"additional-ingrediants\">LISTE DER INHALTSSTOFFE \/ ZUTATEN<\/div>\n<div class=\"additional-content\">\n<p>Aloe Barbadensis Leaf Juice, Aqua, Zingiber Officinale Root Extract, Achillea Millefolium Extract, Taraxacum Officinale Extract, Thymus Vulgaris Leaf Extract, Borago Officinalis Extract, Passiflora Incarnata Flower Extract, Eucalyptus Globulus Leaf Extract, Santalum Album Wood Extract, Salvia Officinalis Leaf Extract, Calendula Officinalis Flower Extract, Chamomilla Recutita Flower Extract, Allantoin, Polysorbate 20, Propolis Extract, Tocopherol, Glycine Soja Oil, Citric Acid, Glycerin, Sodium Citrate, Ascorbic Acid, Phenoxyethanol, Diazolidinyl Urea, Methylparaben, Sodium Benzoate, Potassium Sorbate.<\/p>\n<\/div>\n<\/div>\n<h4 class=\"text-uppercase text-center pb-4 bt-3 mt-100\">Zertifizierungen<\/h4>\n<div class=\"row justify-content-center\" data-t-certificate=\"1\">\n<div class=\"icon-heading-desc-card text-center center-align\" data-t-bind=\"icon-heading-desc\" data-t-positions=\"left,center,right\" data-t-positions-class=\"left-align,center-align,right-align\">\n<div class=\"card-block\">\n<div class=\"icon-holder\"><a href=\"https:\/\/www.dropbox.com\/scl\/fi\/5ps67zc1upz4wzsavp5rj\/Forever_Zertifizierungen-Siegel_DE.pdf?rlkey=yn2a64or27ap0fy9zbac4zcud&amp;st=p1awluqx&amp;dl=0\" target=\"_blank\" rel=\"noopener noreferrer\" data-t-bind=\"icon-heading-desc.Hotspot_URL\"><picture><source class=\"desktop-banner\" srcset=\"https:\/\/cdn.foreverliving.com\/content\/cards\/images\/gluten_free_certification_96x96_1636474157879.png\" media=\"(min-width: 575px)\" data-t-resolution=\"96X96\" data-t-bind=\"icon-heading-desc.Desktop_Image\" data-t-device=\"desktop\" \/><img class=\"desktop-banner\" alt=\"Glutenfrei Logo\" \/><\/picture><\/a><\/div>\n<\/div>\n<\/div>\n<div class=\"icon-heading-desc-card text-center center-align\" data-t-bind=\"icon-heading-desc\" data-t-positions=\"left,center,right\" data-t-positions-class=\"left-align,center-align,right-align\">\n<div class=\"card-block\">\n<div class=\"icon-holder\"><a href=\"https:\/\/www.dropbox.com\/scl\/fi\/5ps67zc1upz4wzsavp5rj\/Forever_Zertifizierungen-Siegel_DE.pdf?rlkey=yn2a64or27ap0fy9zbac4zcud&amp;st=p1awluqx&amp;dl=0\" target=\"_blank\" rel=\"noopener noreferrer\" data-t-bind=\"icon-heading-desc.Hotspot_URL\"><picture><source class=\"desktop-banner\" srcset=\"https:\/\/cdn.foreverliving.com\/content\/cards\/images\/kosher_certification_certification_40x40_1574443016454.png\" media=\"(min-width:576px)\" data-t-resolution=\"96X96\" data-t-bind=\"icon-heading-desc.Desktop_Image\" data-t-device=\"desktop\" \/><img class=\"desktop-banner\" alt=\"Kosher Certification\" \/><\/picture><\/a><\/div>\n<\/div>\n<\/div>\n<div class=\"icon-heading-desc-card text-center center-align\" data-t-bind=\"icon-heading-desc\" data-t-positions=\"left,center,right\" data-t-positions-class=\"left-align,center-align,right-align\">\n<div class=\"card-block\">\n<div class=\"icon-holder\"><a href=\"https:\/\/www.dropbox.com\/scl\/fi\/5ps67zc1upz4wzsavp5rj\/Forever_Zertifizierungen-Siegel_DE.pdf?rlkey=yn2a64or27ap0fy9zbac4zcud&amp;st=p1awluqx&amp;dl=0\" target=\"_blank\" rel=\"noopener noreferrer\" data-t-bind=\"icon-heading-desc.Hotspot_URL\"><picture><source class=\"desktop-banner\" srcset=\"https:\/\/cdn.foreverliving.com\/content\/cards\/images\/halal_certification_certification_40x40_1574442824037.png\" media=\"(min-width:576px)\" data-t-resolution=\"96X96\" data-t-bind=\"icon-heading-desc.Desktop_Image\" data-t-device=\"desktop\" \/><img class=\"desktop-banner\" alt=\"Halal Certified Products\" \/><\/picture><\/a><\/div>\n<\/div>\n<\/div>\n<div class=\"icon-heading-desc-card text-center center-align\" data-t-bind=\"icon-heading-desc\" data-t-positions=\"left,center,right\" data-t-positions-class=\"left-align,center-align,right-align\">\n<div class=\"card-block\">\n<div class=\"icon-holder\"><a href=\"https:\/\/www.dropbox.com\/scl\/fi\/5ps67zc1upz4wzsavp5rj\/Forever_Zertifizierungen-Siegel_DE.pdf?rlkey=yn2a64or27ap0fy9zbac4zcud&amp;st=p1awluqx&amp;dl=0\" target=\"_blank\" rel=\"noopener noreferrer\" data-t-bind=\"icon-heading-desc.Hotspot_URL\"><picture><source class=\"desktop-banner\" srcset=\"https:\/\/cdn.foreverliving.com\/content\/cards\/images\/iasc_certification_certification_40x40_1574441456527.png\" media=\"(min-width:576px)\" data-t-resolution=\"96X96\" data-t-bind=\"icon-heading-desc.Desktop_Image\" data-t-device=\"desktop\" \/><img class=\"desktop-banner\" alt=\"International Aloe Science Council Certification\" \/><\/picture><\/a><\/div>\n<\/div>\n<\/div>\n<div class=\"icon-heading-desc-card text-center center-align\" data-t-bind=\"icon-heading-desc\" data-t-positions=\"left,center,right\" data-t-positions-class=\"left-align,center-align,right-align\">\n<div class=\"card-block\">\n<div class=\"icon-holder\"><a href=\"https:\/\/www.dropbox.com\/scl\/fi\/5ps67zc1upz4wzsavp5rj\/Forever_Zertifizierungen-Siegel_DE.pdf?rlkey=yn2a64or27ap0fy9zbac4zcud&amp;st=9yb3fz2r&amp;dl=0\" target=\"_blank\" rel=\"noopener noreferrer\" data-t-bind=\"icon-heading-desc.Hotspot_URL\"><picture><source class=\"desktop-banner\" srcset=\"https:\/\/cdn.foreverliving.com\/content\/cards\/images\/vegetarian_friendly_certification_96x96_1636473989606.png\" media=\"(min-width: 575px)\" data-t-resolution=\"96X96\" data-t-bind=\"icon-heading-desc.Desktop_Image\" data-t-device=\"desktop\" \/><img class=\"desktop-banner\" alt=\"Vegetarian logo\" \/><\/picture><\/a><\/div>\n<\/div>\n<\/div>\n<div class=\"icon-heading-desc-card text-center center-align\" data-t-bind=\"icon-heading-desc\" data-t-positions=\"left,center,right\" data-t-positions-class=\"left-align,center-align,right-align\">\n<div class=\"card-block\">\n<div class=\"icon-holder\"><a href=\"https:\/\/www.dropbox.com\/scl\/fi\/5ps67zc1upz4wzsavp5rj\/Forever_Zertifizierungen-Siegel_DE.pdf?rlkey=yn2a64or27ap0fy9zbac4zcud&amp;st=p1awluqx&amp;dl=0\" target=\"_blank\" rel=\"noopener noreferrer\" data-t-bind=\"icon-heading-desc.Hotspot_URL\"><picture><source class=\"desktop-banner\" srcset=\"https:\/\/cdn.foreverliving.com\/content\/cards\/images\/leapingbunny_certification_96x96_1718802087180.avif\" media=\"(min-width: 575px)\" data-t-resolution=\"96X96\" data-t-bind=\"icon-heading-desc.Desktop_Image\" data-t-device=\"desktop\" \/><img class=\"desktop-banner\" alt=\"Leaping Bunny Certification\" \/><\/picture><\/a><\/div>\n<\/div>\n<\/div>\n<\/div>\n<\/div>","protected":false},"excerpt":{"rendered":"<p><strong>Aloe First f\u00fcr Kopfhaut, Haare und Haut<\/strong><\/p>\n<p>Der Allesk\u00f6nner versorgt den K\u00f6rper mit Feuchtigkeit und N\u00e4hrstoffen. Reines Aloe-Vera-Gel mit Bienenpropolis und ausgew\u00e4hlten Kr\u00e4utern wirkt als Erste-Hilfe-Spray vielseitig und erfrischend.<\/p>\n<p><img decoding=\"async\" class=\"emoji\" role=\"img\" draggable=\"false\" src=\"https:\/\/s.w.org\/images\/core\/emoji\/17.0.2\/svg\/2728.svg\" alt=\"\u2728\" \/>\u00a0<strong>Exklusiv f\u00fcr meine Massagekunden: \u201310 % Rabatt auf dieses Produkt!<\/strong><\/p>","protected":false},"featured_media":318,"template":"","meta":{"_kadence_starter_templates_imported_post":false,"_kad_post_transparent":"default","_kad_post_title":"","_kad_post_layout":"default","_kad_post_sidebar_id":"","_kad_post_content_style":"default","_kad_post_vertical_padding":"default","_kad_post_feature":"","_kad_post_feature_position":"","_kad_post_header":false,"_kad_post_footer":false,"_glsr_average":0,"_glsr_ranking":0,"_glsr_reviews":0},"product_brand":[25],"product_cat":[24],"product_tag":[],"class_list":{"0":"post-317","1":"product","2":"type-product","3":"status-publish","4":"has-post-thumbnail","6":"product_brand-forever","7":"product_cat-massageprodukt","9":"first","10":"instock","11":"shipping-taxable","12":"product-type-external","13":"entry","14":"content-bg","15":"loop-entry"},"_links":{"self":[{"href":"https:\/\/zsanett-massage.de\/hu\/wp-json\/wp\/v2\/product\/317","targetHints":{"allow":["GET"]}}],"collection":[{"href":"https:\/\/zsanett-massage.de\/hu\/wp-json\/wp\/v2\/product"}],"about":[{"href":"https:\/\/zsanett-massage.de\/hu\/wp-json\/wp\/v2\/types\/product"}],"wp:featuredmedia":[{"embeddable":true,"href":"https:\/\/zsanett-massage.de\/hu\/wp-json\/wp\/v2\/media\/318"}],"wp:attachment":[{"href":"https:\/\/zsanett-massage.de\/hu\/wp-json\/wp\/v2\/media?parent=317"}],"wp:term":[{"taxonomy":"product_brand","embeddable":true,"href":"https:\/\/zsanett-massage.de\/hu\/wp-json\/wp\/v2\/product_brand?post=317"},{"taxonomy":"product_cat","embeddable":true,"href":"https:\/\/zsanett-massage.de\/hu\/wp-json\/wp\/v2\/product_cat?post=317"},{"taxonomy":"product_tag","embeddable":true,"href":"https:\/\/zsanett-massage.de\/hu\/wp-json\/wp\/v2\/product_tag?post=317"}],"curies":[{"name":"wp","href":"https:\/\/api.w.org\/{rel}","templated":true}]}}