{"id":322,"date":"2026-01-21T12:45:09","date_gmt":"2026-01-21T11:45:09","guid":{"rendered":"https:\/\/zsanett-massage.de\/?post_type=product&#038;p=322"},"modified":"2026-01-21T12:45:09","modified_gmt":"2026-01-21T11:45:09","slug":"aloe-activator","status":"publish","type":"product","link":"https:\/\/zsanett-massage.de\/hu\/termek\/aloe-activator\/","title":{"rendered":"Aloe Activator"},"content":{"rendered":"<div class=\"row\">\n<div id=\"longDescription\" class=\"col-12 scroll-links mt-100 ng-star-inserted\">\n<div id=\"product-detail-long-descption\" class=\"desc-container\">\n<h4><strong>Gesichtstonikum, das die Haut erfrischt und beruhigt<\/strong><\/h4>\n<p>\u2022 99% reines Aloe-Vera-Gel enthalten<\/p>\n<p>Dieses Multifunktionsprodukt ist ein gro\u00dfartiger Feuchtigkeitsspender f\u00fcr deine Haut. Das Gesichtstonikum mit 99 Prozent reinem Aloe-Vera-Gel und reinem Allantoin befeuchtet, erfrischt und reinigt deine Haut. Optimal f\u00fcr alle Hautzust\u00e4nde, besonders geeignet auch als Gesichtswasser bei empfindlicher Haut.<\/p>\n<p>BESTER FEUCHTIGKEITSSPENDER<br \/>\nDer Aloe Activator enth\u00e4lt dank dem reinen Aloe-Vera-Gel die Vitamine A, C und E. Au\u00dferdem weist das Gesichtswasser mit Aloe Vera Enzyme, Aminos\u00e4uren und Polysaccharide auf. Das Beste f\u00fcr dich in Sachen Anti-Aging.<\/p>\n<p>ALS GESICHTSMASKE<br \/>\nZur Herstellung einer Aloe-Maske mischst du einen Teel\u00f6ffel Aloe Activator mit unserem Mask Powder und tr\u00e4gst eine d\u00fcnne Schicht auf deine gereinigte Haut auf. Nach 30 Minuten sp\u00fclst du die Maske mit warmen Wasser gr\u00fcndlich ab. Das Ergebnis: eine verbl\u00fcffend frische und gepflegte Haut. Das kannst du zwei bis drei Mal die Woche anwenden. F\u00fcr einen rosigen Teint!<\/p>\n<p>IDEAL AUCH F\u00dcR DEINEN TIERISCHEN LIEBLING<br \/>\nDas reichhaltige Tonikum ist ebenfalls ein optimaler Feuchtigkeitsspender f\u00fcr deinen geliebten Vierbeiner. Trage es einfach auf ein Wattepad auf und reinige damit die Ohrmuscheln oder die Augen deines Tieres, z. B. bei Tr\u00e4nenausfluss. F\u00fcr gl\u00e4nzendes, geschmeidiges Fell etwas aloe activator auf deinen Handinnenfl\u00e4chen verreiben und dein Haustier anschlie\u00dfend streicheln. Um das Abspr\u00fchen deines Tieres zu erm\u00f6glichen, kannst du den aloe activator auch problemlos in eine Spr\u00fchflasche umf\u00fcllen und mit anderen Pflegeprodukten, wie z. B. der Aloe Propolis Creme, mischen.<\/p>\n<\/div>\n<\/div>\n<\/div>\n<div class=\"row\">\n<div id=\"ProductUsage\" class=\"col-12 scroll-links mt-100 ng-star-inserted\">\n<h2 class=\"text-center text-uppercase prod-desc pb-4\">Anwendung | Verzehrempfehlung<\/h2>\n<div class=\"row my-5 readmore-container\">\n<div>\n<p>Es ist ganz einfach: Du gibst das Gesichtstonikum auf ein Wattepad und streichst damit nach der Reinigung sanft \u00fcber dein Gesicht.<\/p>\n<\/div>\n<\/div>\n<\/div>\n<\/div>\n<div class=\"card-desc\" data-t-bind=\"ingredient-img.Description\"><\/div>\n<div data-t-bind=\"ingredient-img.Description\">\n<h1><img decoding=\"async\" class=\"emoji\" role=\"img\" draggable=\"false\" src=\"https:\/\/s.w.org\/images\/core\/emoji\/17.0.2\/svg\/1f48e.svg\" alt=\"\ud83d\udc8e\" \/>\u00a0<strong>Exklusiv f\u00fcr meine Massagekunden:<\/strong><\/h1>\n<h3><strong>\u201310 % Rabatt* auf dieses Produkt!<\/strong><\/h3>\n<p>*Der Rabatt wird direkt beim Kauf \u00fcber meine Webseite ber\u00fccksichtigt.<\/p>\n<p>&nbsp;<\/p>\n<\/div>\n<div id=\"KeyIncredients\" class=\"incredient-container\">\n<div class=\"row\">\n<div class=\"col-md-8 col-sm-8 col-xs-10 m-auto\">\n<div class=\"card-4\"><\/div>\n<\/div>\n<\/div>\n<div class=\"ng-star-inserted\">\n<div class=\"additional-ingrediants\">LISTE DER INHALTSSTOFFE \/ ZUTATEN<\/div>\n<div class=\"additional-content\">\n<p>Aloe Barbadensis Leaf Juice, Allantoin, Ascorbic Acid, Citric Acid, Disodium EDTA, 1,2-Hexanediol, Potassium Sorbate, Sodium Benzoate.<\/p>\n<\/div>\n<\/div>\n<h4 class=\"text-uppercase text-center pb-4 bt-3 mt-100\">Zertifizierungen<\/h4>\n<div class=\"row justify-content-center\" data-t-certificate=\"1\">\n<div class=\"icon-heading-desc-card text-center center-align\" data-t-bind=\"icon-heading-desc\" data-t-positions=\"left,center,right\" data-t-positions-class=\"left-align,center-align,right-align\">\n<div class=\"card-block\">\n<div class=\"icon-holder\"><a href=\"https:\/\/www.dropbox.com\/scl\/fi\/5ps67zc1upz4wzsavp5rj\/Forever_Zertifizierungen-Siegel_DE.pdf?rlkey=yn2a64or27ap0fy9zbac4zcud&amp;st=p1awluqx&amp;dl=0\" target=\"_blank\" rel=\"noopener noreferrer\" data-t-bind=\"icon-heading-desc.Hotspot_URL\"><picture><source class=\"desktop-banner\" srcset=\"https:\/\/cdn.foreverliving.com\/content\/cards\/images\/kosher_certification_certification_40x40_1574443016454.png\" media=\"(min-width:576px)\" data-t-resolution=\"96X96\" data-t-bind=\"icon-heading-desc.Desktop_Image\" data-t-device=\"desktop\" \/><img class=\"desktop-banner\" alt=\"Kosher Certification\" \/><\/picture><\/a><\/div>\n<\/div>\n<\/div>\n<div class=\"icon-heading-desc-card text-center center-align\" data-t-bind=\"icon-heading-desc\" data-t-positions=\"left,center,right\" data-t-positions-class=\"left-align,center-align,right-align\">\n<div class=\"card-block\">\n<div class=\"icon-holder\"><a href=\"https:\/\/www.dropbox.com\/scl\/fi\/5ps67zc1upz4wzsavp5rj\/Forever_Zertifizierungen-Siegel_DE.pdf?rlkey=yn2a64or27ap0fy9zbac4zcud&amp;st=p1awluqx&amp;dl=0\" target=\"_blank\" rel=\"noopener noreferrer\" data-t-bind=\"icon-heading-desc.Hotspot_URL\"><picture><source class=\"desktop-banner\" srcset=\"https:\/\/cdn.foreverliving.com\/content\/cards\/images\/iasc_certification_certification_40x40_1574441456527.png\" media=\"(min-width:576px)\" data-t-resolution=\"96X96\" data-t-bind=\"icon-heading-desc.Desktop_Image\" data-t-device=\"desktop\" \/><img class=\"desktop-banner\" alt=\"International Aloe Science Council Certification\" \/><\/picture><\/a><\/div>\n<\/div>\n<\/div>\n<div class=\"icon-heading-desc-card text-center center-align\" data-t-bind=\"icon-heading-desc\" data-t-positions=\"left,center,right\" data-t-positions-class=\"left-align,center-align,right-align\">\n<div class=\"card-block\">\n<div class=\"icon-holder\"><a href=\"https:\/\/www.dropbox.com\/scl\/fi\/5ps67zc1upz4wzsavp5rj\/Forever_Zertifizierungen-Siegel_DE.pdf?rlkey=yn2a64or27ap0fy9zbac4zcud&amp;st=p1awluqx&amp;dl=0\" target=\"_blank\" rel=\"noopener noreferrer\" data-t-bind=\"icon-heading-desc.Hotspot_URL\"><picture><source class=\"desktop-banner\" srcset=\"https:\/\/cdn.foreverliving.com\/content\/cards\/images\/vegan_friendly_certification_96x96_1636473811570.png\" media=\"(min-width: 575px)\" data-t-resolution=\"96X96\" data-t-bind=\"icon-heading-desc.Desktop_Image\" data-t-device=\"desktop\" \/><img class=\"desktop-banner\" alt=\"vegan logo\" \/><\/picture><\/a><\/div>\n<\/div>\n<\/div>\n<div class=\"icon-heading-desc-card text-center center-align\" data-t-bind=\"icon-heading-desc\" data-t-positions=\"left,center,right\" data-t-positions-class=\"left-align,center-align,right-align\">\n<div class=\"card-block\">\n<div class=\"icon-holder\"><a href=\"https:\/\/www.dropbox.com\/scl\/fi\/5ps67zc1upz4wzsavp5rj\/Forever_Zertifizierungen-Siegel_DE.pdf?rlkey=yn2a64or27ap0fy9zbac4zcud&amp;st=p1awluqx&amp;dl=0\" target=\"_blank\" rel=\"noopener noreferrer\" data-t-bind=\"icon-heading-desc.Hotspot_URL\"><picture><source class=\"desktop-banner\" srcset=\"https:\/\/cdn.foreverliving.com\/content\/cards\/images\/leapingbunny_certification_96x96_1718802087180.avif\" media=\"(min-width: 575px)\" data-t-resolution=\"96X96\" data-t-bind=\"icon-heading-desc.Desktop_Image\" data-t-device=\"desktop\" \/><img class=\"desktop-banner\" alt=\"Leaping Bunny Certification\" \/><\/picture><\/a><\/div>\n<\/div>\n<\/div>\n<div class=\"icon-heading-desc-card text-center center-align\" data-t-bind=\"icon-heading-desc\" data-t-positions=\"left,center,right\" data-t-positions-class=\"left-align,center-align,right-align\">\n<div class=\"card-block\">\n<div class=\"icon-holder\"><a href=\"https:\/\/www.dropbox.com\/scl\/fi\/5ps67zc1upz4wzsavp5rj\/Forever_Zertifizierungen-Siegel_DE.pdf?rlkey=yn2a64or27ap0fy9zbac4zcud&amp;st=p1awluqx&amp;dl=0\" target=\"_blank\" rel=\"noopener noreferrer\" data-t-bind=\"icon-heading-desc.Hotspot_URL\"><picture><source class=\"desktop-banner\" srcset=\"https:\/\/cdn.foreverliving.com\/content\/cards\/images\/gluten_free_certification_96x96_1636474157879.png\" media=\"(min-width: 575px)\" data-t-resolution=\"96X96\" data-t-bind=\"icon-heading-desc.Desktop_Image\" data-t-device=\"desktop\" \/><img class=\"desktop-banner\" alt=\"Glutenfrei Logo\" \/><\/picture><\/a><\/div>\n<\/div>\n<\/div>\n<div class=\"icon-heading-desc-card text-center center-align\" data-t-bind=\"icon-heading-desc\" data-t-positions=\"left,center,right\" data-t-positions-class=\"left-align,center-align,right-align\">\n<div class=\"card-block\">\n<div class=\"icon-holder\"><a href=\"https:\/\/www.dropbox.com\/scl\/fi\/5ps67zc1upz4wzsavp5rj\/Forever_Zertifizierungen-Siegel_DE.pdf?rlkey=yn2a64or27ap0fy9zbac4zcud&amp;st=p1awluqx&amp;dl=0\" target=\"_blank\" rel=\"noopener noreferrer\" data-t-bind=\"icon-heading-desc.Hotspot_URL\"><picture><source class=\"desktop-banner\" srcset=\"https:\/\/cdn.foreverliving.com\/content\/cards\/images\/halal_certification_certification_40x40_1574442824037.png\" media=\"(min-width:576px)\" data-t-resolution=\"96X96\" data-t-bind=\"icon-heading-desc.Desktop_Image\" data-t-device=\"desktop\" \/><img class=\"desktop-banner\" alt=\"Halal Certified Products\" \/><\/picture><\/a><\/div>\n<\/div>\n<\/div>\n<\/div>\n<\/div>","protected":false},"excerpt":{"rendered":"<p><strong>Gesichtstonikum, das die Haut erfrischt und beruhigt<\/strong><\/p>\n<p>Mit 99% reinem Aloe-Vera-Gel reinigt und beruhigt der aloe activator deine Gesichtshaut und verleiht ihr ein tolles Frischegef\u00fchl, schon nach der ersten Anwendung.<\/p>\n<p><img decoding=\"async\" class=\"emoji\" role=\"img\" draggable=\"false\" src=\"https:\/\/s.w.org\/images\/core\/emoji\/17.0.2\/svg\/2728.svg\" alt=\"\u2728\" \/>\u00a0<strong>Exklusiv f\u00fcr meine Massagekunden: \u201310 % Rabatt auf dieses Produkt!<\/strong><\/p>","protected":false},"featured_media":296,"template":"","meta":{"_kadence_starter_templates_imported_post":false,"_kad_post_transparent":"default","_kad_post_title":"","_kad_post_layout":"default","_kad_post_sidebar_id":"","_kad_post_content_style":"default","_kad_post_vertical_padding":"default","_kad_post_feature":"","_kad_post_feature_position":"","_kad_post_header":false,"_kad_post_footer":false,"_glsr_average":0,"_glsr_ranking":0,"_glsr_reviews":0},"product_brand":[25],"product_cat":[28,24],"product_tag":[],"class_list":{"0":"post-322","1":"product","2":"type-product","3":"status-publish","4":"has-post-thumbnail","6":"product_brand-forever","7":"product_cat-kosmetik","8":"product_cat-massageprodukt","10":"first","11":"instock","12":"shipping-taxable","13":"product-type-external","14":"entry","15":"content-bg","16":"loop-entry"},"_links":{"self":[{"href":"https:\/\/zsanett-massage.de\/hu\/wp-json\/wp\/v2\/product\/322","targetHints":{"allow":["GET"]}}],"collection":[{"href":"https:\/\/zsanett-massage.de\/hu\/wp-json\/wp\/v2\/product"}],"about":[{"href":"https:\/\/zsanett-massage.de\/hu\/wp-json\/wp\/v2\/types\/product"}],"wp:featuredmedia":[{"embeddable":true,"href":"https:\/\/zsanett-massage.de\/hu\/wp-json\/wp\/v2\/media\/296"}],"wp:attachment":[{"href":"https:\/\/zsanett-massage.de\/hu\/wp-json\/wp\/v2\/media?parent=322"}],"wp:term":[{"taxonomy":"product_brand","embeddable":true,"href":"https:\/\/zsanett-massage.de\/hu\/wp-json\/wp\/v2\/product_brand?post=322"},{"taxonomy":"product_cat","embeddable":true,"href":"https:\/\/zsanett-massage.de\/hu\/wp-json\/wp\/v2\/product_cat?post=322"},{"taxonomy":"product_tag","embeddable":true,"href":"https:\/\/zsanett-massage.de\/hu\/wp-json\/wp\/v2\/product_tag?post=322"}],"curies":[{"name":"wp","href":"https:\/\/api.w.org\/{rel}","templated":true}]}}