{"id":325,"date":"2026-01-21T13:04:08","date_gmt":"2026-01-21T12:04:08","guid":{"rendered":"https:\/\/zsanett-massage.de\/?post_type=product&#038;p=325"},"modified":"2026-01-21T14:05:08","modified_gmt":"2026-01-21T13:05:08","slug":"aloe-liquid-soap","status":"publish","type":"product","link":"https:\/\/zsanett-massage.de\/hu\/termek\/aloe-liquid-soap\/","title":{"rendered":"Aloe Liquid Soap"},"content":{"rendered":"<h4><strong>Vielseitige Fl\u00fcssigseife f\u00fcr die ganze Familie<\/strong><\/h4>\n<div class=\"row\">\n<div id=\"longDescription\" class=\"col-12 scroll-links mt-100 ng-star-inserted\">\n<div id=\"product-detail-long-descption\" class=\"desc-container\">\n<p>\u2022 40% reines Aloe-Vera-Gel enthalten<br \/>\n\u2022 Sanfter Seifenschaum durch nat\u00fcrliche Reinigungskomponenten<br \/>\n\u2022 Argan\u00f6l und Jojoba versorgen die Haut mit Feuchtigkeit<br \/>\n\u2022 Milde Pflege f\u00fcr sensible Haut Perfekt f\u00fcr die ganze Familie<\/p>\n<p>&nbsp;<\/p>\n<p>Die Aloe Liquid Soap von Forever reinigt die Haut auf nat\u00fcrliche Weise, ohne Feuchtigkeit zu entziehen. Die Kombination aus 40 % reinem Aloe-Vera-Gel, Argan\u00f6l, Jojoba und weiteren Pflanzenextrakten machen die Fl\u00fcssigseife zu einem perfekten Allround-Produkt f\u00fcr den gesamten K\u00f6rper. Nach der Anwendung f\u00fchlt sich die Haut gereinigt, gen\u00e4hrt und verj\u00fcngt an. Ein frischer Zitrusduft, gepaart mit Aromen aus Zimtgew\u00fcrz, Zedernblatt und Rosen runden diese cremige Seife ab.<\/p>\n<p>&nbsp;<\/p>\n<p>Die sanfte und milde Fl\u00fcssigseife verw\u00f6hnt die Haut ganz herrlich. F\u00fchle dich von Kopf bis Fu\u00df sauber und gepflegt.<\/p>\n<p>DIE SANFTE SEIFE F\u00dcR DIE GANZE FAMILIE<br \/>\nDie Kombination aus nat\u00fcrlichen \u00d6len, Extrakten und reinem Aloe-Vera-Gel macht die ALOE LIQUID SOAP zu einem perfekten Produkt in heutigen Zeiten. Deine Haut wird nicht nur perfekt gereinigt, sondern f\u00fchlt sich auch verj\u00fcngt und gen\u00e4hrt an.<\/p>\n<p>FL\u00dcSSIGSEIFE F\u00dcR OPTIMALE HYGIENE<br \/>\nIn aktuellen Zeiten legen wir alle noch ein bisschen mehr Wert auf Hygiene. Mit einer fl\u00fcssigen Seife kannst du zur Pr\u00e4vention beitragen. Gerade dort, wo verschiedene Menschen sich die H\u00e4nde waschen \u2013 also auf Toiletten oder in Arztpraxen und Gesch\u00e4ften \u2013 bietet sich der Einsatz einer Fl\u00fcssigseife in einem praktischen Spender an. No-Touch, das bedeutet, du musst nur den Spender kurz ber\u00fchren: ein Pluspunkt f\u00fcr Fl\u00fcssigseifen.<\/p>\n<p>UNSER TIPP<br \/>\nH\u00e4nde und K\u00f6rper behutsam waschen. Die beste Temperatur ist die, die du als angenehm empfindest. Die ALOE LIQUID SOAP auf den feuchten H\u00e4nden verteilen, 20 Sekunden einmassieren \u2013 auch die Daumen und die Handr\u00fccken nicht vergessen \u2013 und gr\u00fcndlich absp\u00fclen. Dein AHA-Erlebnis!<\/p>\n<\/div>\n<\/div>\n<\/div>\n<div class=\"row\">\n<div id=\"ProductUsage\" class=\"col-12 scroll-links mt-100 ng-star-inserted\">\n<h2 class=\"text-center text-uppercase prod-desc pb-4\">Anwendung | Verzehrempfehlung<\/h2>\n<div class=\"row my-5 readmore-container\">\n<div>\n<p>Auf den feuchten H\u00e4nden verteilen, einmassieren und gr\u00fcndlich absp\u00fclen.<\/p>\n<\/div>\n<\/div>\n<\/div>\n<\/div>\n<div id=\"KeyIncredients\" class=\"incredient-container\">\n<div class=\"row\" data-t-ingredient=\"1\">\n<div class=\"ingredient-img-card overflow-hide center-align\" data-t-bind=\"ingredient-img\" data-t-positions=\"left,center,right\" data-t-positions-class=\"left-align,center-align,right-align\">\n<div class=\"card-block\">\n<div class=\"banner-body m-auto\">\n<div class=\"heading-content\">\n<h1><img decoding=\"async\" class=\"emoji\" role=\"img\" draggable=\"false\" src=\"https:\/\/s.w.org\/images\/core\/emoji\/17.0.2\/svg\/1f48e.svg\" alt=\"\ud83d\udc8e\" \/>\u00a0<strong>Exklusiv f\u00fcr meine Massagekunden:<\/strong><\/h1>\n<h3><strong>\u201310 % Rabatt* auf dieses Produkt!<\/strong><\/h3>\n<p>*Der Rabatt wird direkt beim Kauf \u00fcber meine Webseite ber\u00fccksichtigt.<\/p>\n<\/div>\n<\/div>\n<div class=\"card-desc\" data-t-bind=\"ingredient-img.Description\"><\/div>\n<\/div>\n<\/div>\n<\/div>\n<div class=\"row\">\n<div class=\"col-md-8 col-sm-8 col-xs-10 m-auto\">\n<div class=\"card-4\"><\/div>\n<\/div>\n<\/div>\n<div class=\"ng-star-inserted\">\n<div class=\"additional-ingrediants\">LISTE DER INHALTSSTOFFE \/ ZUTATEN<\/div>\n<div class=\"additional-content\">\n<p>Aloe Barbadensis Leaf Juice, Aqua, Sodium C14-16 Olefin Sulfonate, Cocamidopropyl Hydroxysultaine, Propanediol, Cocamidopropyl Betaine, Arnica Montana Flower Extract, Cucumis Sativus Fruit Extract, Hydrolyzed Jojoba Esters, Argania Spinosa Kernel Oil, Sodium Methyl 2-Sulfolaurate, PEG-120 Methyl Glucose Dioleate, Disodium Cocoyl Glutamate, Hydroxyacetophenone, Glycol Distearate, Disodium 2-Sulfolaurate, Potassium Sorbate, Laureth-4, Sodium Chloride, Disodium EDTA, Citric Acid, Glycerin, Caprylyl Glycol, Ascorbic Acid, Parfum, Benzyl Benzoate, Linalool, Benzyl Salicylate, Phenoxyethanol, Chlorphenesin, Sodium Benzoate, Sorbic Acid.<\/p>\n<\/div>\n<\/div>\n<h4 class=\"text-uppercase text-center pb-4 bt-3 mt-100\">Zertifizierungen<\/h4>\n<div class=\"row justify-content-center\" data-t-certificate=\"1\">\n<div class=\"icon-heading-desc-card text-center center-align\" data-t-bind=\"icon-heading-desc\" data-t-positions=\"left,center,right\" data-t-positions-class=\"left-align,center-align,right-align\">\n<div class=\"card-block\">\n<div class=\"icon-holder\"><a href=\"https:\/\/www.dropbox.com\/scl\/fi\/5ps67zc1upz4wzsavp5rj\/Forever_Zertifizierungen-Siegel_DE.pdf?rlkey=yn2a64or27ap0fy9zbac4zcud&amp;st=p1awluqx&amp;dl=0\" target=\"_blank\" rel=\"noopener noreferrer\" data-t-bind=\"icon-heading-desc.Hotspot_URL\"><picture><source class=\"desktop-banner\" srcset=\"https:\/\/cdn.foreverliving.com\/content\/cards\/images\/gluten_free_certification_96x96_1636474157879.png\" media=\"(min-width: 575px)\" data-t-resolution=\"96X96\" data-t-bind=\"icon-heading-desc.Desktop_Image\" data-t-device=\"desktop\" \/><img class=\"desktop-banner\" alt=\"Glutenfrei Logo\" \/><\/picture><picture><\/picture><\/a><\/div>\n<\/div>\n<\/div>\n<div class=\"icon-heading-desc-card text-center center-align\" data-t-bind=\"icon-heading-desc\" data-t-positions=\"left,center,right\" data-t-positions-class=\"left-align,center-align,right-align\">\n<div class=\"card-block\">\n<div class=\"icon-holder\"><a href=\"https:\/\/www.dropbox.com\/scl\/fi\/5ps67zc1upz4wzsavp5rj\/Forever_Zertifizierungen-Siegel_DE.pdf?rlkey=yn2a64or27ap0fy9zbac4zcud&amp;st=p1awluqx&amp;dl=0\" target=\"_blank\" rel=\"noopener noreferrer\" data-t-bind=\"icon-heading-desc.Hotspot_URL\"><picture><source class=\"desktop-banner\" srcset=\"https:\/\/cdn.foreverliving.com\/content\/cards\/images\/iasc_certification_certification_40x40_1574441456527.png\" media=\"(min-width:576px)\" data-t-resolution=\"96X96\" data-t-bind=\"icon-heading-desc.Desktop_Image\" data-t-device=\"desktop\" \/><img class=\"desktop-banner\" alt=\"International Aloe Science Council Certification\" \/><\/picture><picture><\/picture><\/a><\/div>\n<\/div>\n<\/div>\n<div class=\"icon-heading-desc-card text-center center-align\" data-t-bind=\"icon-heading-desc\" data-t-positions=\"left,center,right\" data-t-positions-class=\"left-align,center-align,right-align\">\n<div class=\"card-block\">\n<div class=\"icon-holder\"><a href=\"https:\/\/www.dropbox.com\/scl\/fi\/5ps67zc1upz4wzsavp5rj\/Forever_Zertifizierungen-Siegel_DE.pdf?rlkey=yn2a64or27ap0fy9zbac4zcud&amp;st=p1awluqx&amp;dl=0\" target=\"_blank\" rel=\"noopener noreferrer\" data-t-bind=\"icon-heading-desc.Hotspot_URL\"><picture><source class=\"desktop-banner\" srcset=\"https:\/\/cdn.foreverliving.com\/content\/cards\/images\/halal_certification_certification_40x40_1574442824037.png\" media=\"(min-width:576px)\" data-t-resolution=\"96X96\" data-t-bind=\"icon-heading-desc.Desktop_Image\" data-t-device=\"desktop\" \/><img class=\"desktop-banner\" alt=\"Halal Certified Products\" \/><\/picture><picture><\/picture><\/a><\/div>\n<\/div>\n<\/div>\n<div class=\"icon-heading-desc-card text-center center-align\" data-t-bind=\"icon-heading-desc\" data-t-positions=\"left,center,right\" data-t-positions-class=\"left-align,center-align,right-align\">\n<div class=\"card-block\">\n<div class=\"icon-holder\"><a href=\"https:\/\/www.dropbox.com\/scl\/fi\/5ps67zc1upz4wzsavp5rj\/Forever_Zertifizierungen-Siegel_DE.pdf?rlkey=yn2a64or27ap0fy9zbac4zcud&amp;st=p1awluqx&amp;dl=0\" target=\"_blank\" rel=\"noopener noreferrer\" data-t-bind=\"icon-heading-desc.Hotspot_URL\"><picture><source class=\"desktop-banner\" srcset=\"https:\/\/cdn.foreverliving.com\/content\/cards\/images\/vegan_friendly_certification_96x96_1636473811570.png\" media=\"(min-width: 575px)\" data-t-resolution=\"96X96\" data-t-bind=\"icon-heading-desc.Desktop_Image\" data-t-device=\"desktop\" \/><img class=\"desktop-banner\" alt=\"vegan logo\" \/><\/picture><picture><\/picture><\/a><\/div>\n<\/div>\n<\/div>\n<div class=\"icon-heading-desc-card text-center center-align\" data-t-bind=\"icon-heading-desc\" data-t-positions=\"left,center,right\" data-t-positions-class=\"left-align,center-align,right-align\">\n<div class=\"card-block\">\n<div class=\"icon-holder\"><a href=\"https:\/\/www.dropbox.com\/scl\/fi\/5ps67zc1upz4wzsavp5rj\/Forever_Zertifizierungen-Siegel_DE.pdf?rlkey=yn2a64or27ap0fy9zbac4zcud&amp;st=p1awluqx&amp;dl=0\" target=\"_blank\" rel=\"noopener noreferrer\" data-t-bind=\"icon-heading-desc.Hotspot_URL\"><picture><source class=\"desktop-banner\" srcset=\"https:\/\/cdn.foreverliving.com\/content\/cards\/images\/kosher_certification_certification_40x40_1574443016454.png\" media=\"(min-width:576px)\" data-t-resolution=\"96X96\" data-t-bind=\"icon-heading-desc.Desktop_Image\" data-t-device=\"desktop\" \/><img class=\"desktop-banner\" alt=\"Kosher Certification\" \/><\/picture><picture><\/picture><\/a><\/div>\n<\/div>\n<\/div>\n<div class=\"icon-heading-desc-card text-center center-align\" data-t-bind=\"icon-heading-desc\" data-t-positions=\"left,center,right\" data-t-positions-class=\"left-align,center-align,right-align\">\n<div class=\"card-block\">\n<div class=\"icon-holder\"><a href=\"https:\/\/www.dropbox.com\/scl\/fi\/5ps67zc1upz4wzsavp5rj\/Forever_Zertifizierungen-Siegel_DE.pdf?rlkey=yn2a64or27ap0fy9zbac4zcud&amp;st=p1awluqx&amp;dl=0\" target=\"_blank\" rel=\"noopener noreferrer\" data-t-bind=\"icon-heading-desc.Hotspot_URL\"><picture><source class=\"desktop-banner\" srcset=\"https:\/\/cdn.foreverliving.com\/content\/cards\/images\/leapingbunny_certification_96x96_1718802087180.avif\" media=\"(min-width: 575px)\" data-t-resolution=\"96X96\" data-t-bind=\"icon-heading-desc.Desktop_Image\" data-t-device=\"desktop\" \/><img class=\"desktop-banner\" alt=\"Leaping Bunny Certification\" \/><\/picture><picture><\/picture><\/a><\/div>\n<\/div>\n<\/div>\n<\/div>\n<\/div>","protected":false},"excerpt":{"rendered":"<p><strong>Vielseitige Fl\u00fcssigseife f\u00fcr die ganze Familie<\/strong><\/p>\n<p>Die Aloe Liquid Soap von Forever reinigt die Haut auf nat\u00fcrliche Weise, ohne Feuchtigkeit zu entziehen.<\/p>\n<p><img decoding=\"async\" class=\"emoji\" role=\"img\" draggable=\"false\" src=\"https:\/\/s.w.org\/images\/core\/emoji\/17.0.2\/svg\/2728.svg\" alt=\"\u2728\" \/>\u00a0<strong>Exklusiv f\u00fcr meine Massagekunden: \u201310 % Rabatt auf dieses Produkt!<\/strong><\/p>","protected":false},"featured_media":293,"template":"","meta":{"_kadence_starter_templates_imported_post":false,"_kad_post_transparent":"default","_kad_post_title":"","_kad_post_layout":"default","_kad_post_sidebar_id":"","_kad_post_content_style":"default","_kad_post_vertical_padding":"default","_kad_post_feature":"","_kad_post_feature_position":"","_kad_post_header":false,"_kad_post_footer":false,"_glsr_average":0,"_glsr_ranking":0,"_glsr_reviews":0},"product_brand":[25],"product_cat":[28,24],"product_tag":[],"class_list":{"0":"post-325","1":"product","2":"type-product","3":"status-publish","4":"has-post-thumbnail","6":"product_brand-forever","7":"product_cat-kosmetik","8":"product_cat-massageprodukt","10":"first","11":"instock","12":"shipping-taxable","13":"product-type-external","14":"entry","15":"content-bg","16":"loop-entry"},"_links":{"self":[{"href":"https:\/\/zsanett-massage.de\/hu\/wp-json\/wp\/v2\/product\/325","targetHints":{"allow":["GET"]}}],"collection":[{"href":"https:\/\/zsanett-massage.de\/hu\/wp-json\/wp\/v2\/product"}],"about":[{"href":"https:\/\/zsanett-massage.de\/hu\/wp-json\/wp\/v2\/types\/product"}],"wp:featuredmedia":[{"embeddable":true,"href":"https:\/\/zsanett-massage.de\/hu\/wp-json\/wp\/v2\/media\/293"}],"wp:attachment":[{"href":"https:\/\/zsanett-massage.de\/hu\/wp-json\/wp\/v2\/media?parent=325"}],"wp:term":[{"taxonomy":"product_brand","embeddable":true,"href":"https:\/\/zsanett-massage.de\/hu\/wp-json\/wp\/v2\/product_brand?post=325"},{"taxonomy":"product_cat","embeddable":true,"href":"https:\/\/zsanett-massage.de\/hu\/wp-json\/wp\/v2\/product_cat?post=325"},{"taxonomy":"product_tag","embeddable":true,"href":"https:\/\/zsanett-massage.de\/hu\/wp-json\/wp\/v2\/product_tag?post=325"}],"curies":[{"name":"wp","href":"https:\/\/api.w.org\/{rel}","templated":true}]}}